{"id":238,"date":"2019-09-16T13:03:43","date_gmt":"2019-09-16T13:03:43","guid":{"rendered":"https:\/\/www.wetterkandersteg.ch\/wordpress\/?page_id=238"},"modified":"2026-04-11T11:50:36","modified_gmt":"2026-04-11T11:50:36","slug":"startseite","status":"publish","type":"page","link":"https:\/\/www.wetterkandersteg.ch\/wordpress\/index.php\/startseite\/","title":{"rendered":"Startseite"},"content":{"rendered":"\n\n\n<p><strong style=\"font-family: Arial, Helvetica, sans-serif; color: rgb(0, 0, 0); font-size: normal;\">News Update 11.4.2026 13 Uhr<\/strong><\/p>\n<p><span style=\"font-size: 16px; font-family: Arial, Helvetica, sans-serif; color: rgb(0, 0, 0);\"><span style=\"font-weight: 700;\">Seiten:<\/span><span style=\"font-size: medium;\"><br><strong>Komplett neue Wetter Archiv Seite:<\/strong>&nbsp;<br>Vollst\u00e4ndiger Datensatz verf\u00fcgbar. Fehlende Daten oder Dateien werden in der Auswahl nicht mehr angezeigt.<br><br><strong>Wetter Rekorde erneuert:<\/strong>&nbsp;Die Daten sind neu gepr\u00fcft und wo n\u00f6tig erg\u00e4nzt oder ge\u00e4ndert. Update bis 31.3.2026.<br><br><\/span><\/span><\/p><p><span style=\"font-size: 16px; font-family: Arial, Helvetica, sans-serif;\"><span style=\"color: rgb(0, 0, 0);\"><span style=\"font-weight: 700;\">Foto Album:<\/span><\/span><\/span><\/p><p><span style=\"font-family: Arial, Helvetica, sans-serif; font-size: medium; color: rgb(0, 0, 0);\">Neue Foto Alben bis 27.11.2025<br>Auf Touch Mobile Ger\u00e4ten erscheint nun beim 1. Antippen eine Info mit dem Album Titel und erst. 2. Tippen \u00f6ffnet den Link zum Album.<\/span><\/p><p><span style=\"font-size: 16px; font-family: Arial, Helvetica, sans-serif;\"><br><\/span><\/p><p><span style=\"font-size: 16px; font-family: Arial, Helvetica, sans-serif;\"><span style=\"color: rgb(0, 0, 0);\"><span style=\"font-weight: 700;\"><\/span><\/span><\/span><\/p><p><span style=\"font-family: Arial, Helvetica, sans-serif;\"><span style=\"color: rgb(0, 0, 0);\"><span style=\"font-weight: 700;\">Rekorde bis Ende M\u00e4rz 2026:<br><\/span>Januar 2026 weiterer Monat mit maximaler Anzahl Frosttage.<br>Sp\u00e4tester Tag im 1. Halbjahr mit Temperatur Minimum unter -10\u00b0C.<br><br><\/span><\/span><\/p><p><span style=\"font-weight: 700; background-color: transparent; color: rgb(0, 0, 0); font-family: Arial, Helvetica, sans-serif; font-size: 16px;\">Archive:<\/span><\/p><p><span style=\"font-size: 16px; background-color: transparent; font-family: Arial, Helvetica, sans-serif; color: rgb(0, 0, 0);\"><span style=\"font-size: medium;\">Alle verf\u00fcgbaren Dokumente und Tabellen bis&nbsp;<span style=\"font-weight: 700;\">Ende M\u00e4rz 2026&nbsp;<\/span>eingetragen.&nbsp;<\/span><br><span style=\"font-size: medium;\"><br><\/span><strong>Solar Sensor Info:<br><\/strong>Austausch Dachsensor am 8.4.2026.<br><br>Es wird vor allem auf vollst\u00e4ndige Sonnenschein Zeiten und Stundenmittel, Tagesmittel bei der Strahlung f\u00fcr die Statistiken geachtet. Minutenwerte \u00fcbertragen oder manuell machen ist zu aufw\u00e4ndig.<br><span style=\"font-size: medium;\"><br>-Beide Sensoren werden ab jetzt in Tabellen f\u00fcr Aktuelle Daten und Tageswerte angezeigt. <br>-Heatmaps Solar Absolut und Prozent sind einfach flexibel umstellbar in der Daten\u00fcbertragung. Das erspart mir immerhin dort einige Korrekturarbeit.<br>-In Live Anzeigen nur der Hauptsensor.&nbsp;<br>-In Diagrammen beide Sensoren optional w\u00e4hlbar da wo sinnvoll.<br>-F\u00fcr Statistiken und Stundenmittel basierte Anzeigen werden die Stunden Sensordaten nachtr\u00e4glich manuell \u00fcbertragen wenn der Stationssensor genauer war.<br><\/span><\/span><span style=\"font-size: medium; background-color: transparent; color: rgb(0, 0, 0); font-family: Arial, Helvetica, sans-serif;\">-F\u00fcr Sonnenzeit immer Dachsensor + manuelle Korrekturen wenn verschneit.<\/span><\/p><p><span style=\"font-size: 16px; background-color: transparent; font-family: Arial, Helvetica, sans-serif; color: rgb(0, 0, 0);\"><span style=\"font-size: medium;\"><br><\/span><\/span><\/p><p><span style=\"color: rgb(0, 0, 0); font-family: Arial, Helvetica, sans-serif; font-size: 16px;\"><span style=\"font-weight: 700;\">Alternative Seiten mit Wetterdaten:<\/span><\/span><br><\/p><p><span style=\"color: rgb(0, 0, 0); font-family: Arial, Helvetica, sans-serif; font-size: 16px;\"><a href=\"https:\/\/www.awekas.at\/de\/instrument.php?id=3169\" title=\"AWEKAS Stationsseite\" target=\"_blank\" rel=\"noopener noreferrer\"><\/a><\/span><\/p><p><span style=\"color: rgb(0, 0, 0); font-family: Arial, Helvetica, sans-serif;\"><a href=\"https:\/\/www.awekas.at\/de\/instrument.php?id=3169\" title=\"AWEKAS Stationsseite\" target=\"_blank\" rel=\"noopener noreferrer\">AWEKAS Stationsseite<\/a>&nbsp;(Link)<\/span><\/p><p><span style=\"font-family: Arial, Helvetica, sans-serif; color: rgb(0, 0, 0);\"><a href=\"https:\/\/www.meteomap.cloud\/date\/temperature?openCalendar=true\" title=\"Meteomap\" target=\"_blank\" rel=\"noopener noreferrer\">Meteomap-Cloud<\/a>&nbsp;(Link)<\/span><\/p><p><span style=\"font-size: 16px; font-family: Arial, Helvetica, sans-serif; color: rgb(0, 0, 0);\"><\/span><\/p><p><span style=\"font-size: 16px; background-color: transparent; font-family: Arial, Helvetica, sans-serif; color: rgb(0, 0, 0);\"><span style=\"color: rgb(58, 58, 58); font-family: -apple-system, system-ui, BlinkMacSystemFont, &quot;Segoe UI&quot;, Helvetica, Arial, sans-serif, &quot;Apple Color Emoji&quot;, &quot;Segoe UI Emoji&quot;, &quot;Segoe UI Symbol&quot;; font-size: medium;\"><\/span><br style=\"color: rgb(58, 58, 58); font-family: -apple-system, system-ui, BlinkMacSystemFont, &quot;Segoe UI&quot;, Helvetica, Arial, sans-serif, &quot;Apple Color Emoji&quot;, &quot;Segoe UI Emoji&quot;, &quot;Segoe UI Symbol&quot;; font-size: 17px;\"><span style=\"font-size: medium;\"><\/span><\/span><\/p><p><span style=\"font-size: 16px; font-family: Arial, Helvetica, sans-serif; color: rgb(0, 0, 0);\"><span style=\"font-size: medium;\">Die Stationsseite direkt gibt es zumindest im gratis Angebot nicht. Aber bei der Messwert Karte den Messwert aus Kandersteg anklicken und &#8222;Zur Stationsseite&#8220;.<\/span><\/span><\/p><p><strong style=\"font-size: 16px; color: rgb(0, 0, 0); font-family: Arial, Helvetica, sans-serif;\"><br>M\u00e4rz 2026 Klimawerte im Vergleich zu 2012-2026 (15 Jahre, Sonnenzeit 13 Jahre):<\/strong><\/p><p><font color=\"#000000\" face=\"Arial, Helvetica, sans-serif\"><span style=\"font-size: 16px;\"><\/span><\/font><\/p><span style=\"font-size:medium;\"><p><font color=\"#000000\" face=\"Arial, Helvetica, sans-serif\"><span style=\"\">12. Platz h\u00f6chster Temperaturmittelwert 2.51\u00b0C (1. 2017, 4.84\u00b0C)<br>12. Platz h\u00f6chstes Monats Temperaturminimum -11.0\u00b0C (1. 2020, -5.8\u00b0C)<br>12. Platz h\u00f6chstes Monats Temperaturmaximum 13.9\u00b0C (1. 2023, 18.8\u00b0C)<br>11. Platz h\u00f6chster Mittelwert der Tmin -2.42\u00b0C (1. 2017, 0.14\u00b0C)<br>11. Platz h\u00f6chster Mittelwert der Tmax 8.08\u00b0C (1. 2017, 10.8\u00b0C)<br>5. Platz Sonnenscheindauer 119 Std. (1. 2012, 166 Std.)<br><\/span><\/font><\/p><p><font color=\"#000000\" face=\"Arial, Helvetica, sans-serif\"><span style=\"\">4. Platz gr\u00f6sste Niederschlagmenge 100mm (1. 2024, 139mm)<\/span><\/font><\/p><\/span>\n<p><br><\/p><p><font color=\"#000000\" face=\"Arial, Helvetica, sans-serif\"><span style=\"font-size: 16px;\"><strong>Webcam Info Datenvolumen:&nbsp;<br><\/strong><span style=\"font-size:medium;\">Die neue Webcam (Cam 2, West Sicht) ist f\u00fcr Desktop auf voller Aufl\u00f6sung (10 Megapixel, 3712&#215;2784) und Qualit\u00e4t eingebaut (2-5MB Datei). F\u00fcr Smartphone und Tablet Seite sowie den Zeitraffer konnte ich eine deutlich sparsamere Version (1440p HD, komprimiert, 400-900KB Datei) einbauen, die aber immer noch sehr gut aussieht auf dem kleinen Bildschirm. Die Dateigr\u00f6sse h\u00e4ngt vom Inhalt und somit irgendwie auch vom Wetter ab (bei Nebel am wenigsten, bei vielen Details am meisten).<\/span><\/span><\/font><\/p><p><font color=\"#000000\" face=\"Arial, Helvetica, sans-serif\"><span style=\"font-size: 16px;\"><br><strong>Webcam Archiv\/Zeitraffer:<br><\/strong><span style=\"font-size:medium;\">Jede 2. Minute ein Bild, 24 Stunden, verschiedene Intervalle (1 Bild\/x Minuten) in einem gew\u00fcnschten Zeitraum ausw\u00e4hlbar (z.B. 1 Bild\/5 Minuten von 12-18 Uhr usw.). Man muss also nicht alle Bilder laden.<strong><br><\/strong>Die Auswahl betr\u00e4gt 10 Tage.<\/span><br><br><strong>Bei St\u00f6rung:<br><\/strong><span style=\"font-size:medium;\">F\u00fcr solche F\u00e4lle sind die Alternativen Seiten mit den Wetterdaten rechts oben verlinkt<strong>.<\/strong><\/span><\/span><\/font><\/p>\n\n\n<p><span style=\"font-size: 16px; background-color: transparent; font-family: Arial, Helvetica, sans-serif; color: rgb(0, 0, 0);\"><\/span><\/p><p><span style=\"color: rgb(0, 0, 0); font-family: Arial, Helvetica, sans-serif; font-size: 16px;\"><strong>Immer noch im Aufbau &#8211; Astronomie Seite (noch nicht \u00f6ffentlich) und neues Layout Wetterdaten Tabellen:<\/strong><br>Die Astronomie Daten von Sonne, Mond und Finsternissen werden erweitert und nach der Fertigstellung als neue Seite hinzugef\u00fcgt. Die Wetterdaten Tabellen haben ein neues Layout und der Astronomie Teil bleibt nun doch drin. Mit vereinfachtem Umfang ohne Live Funktionen. Und Anzeige von nicht stattfindenden Mondaufg\u00e4ngen oder Mondunterg\u00e4ngen sowie Erdschein sollte wieder repariert sein.<br><strong><br>6.4.2025: <\/strong>Das Satellitenbild ist jetzt nicht mehr so hakelig wie vorher und kann endlich so benutzt werden wie es gedacht ist weil der Anbieter anscheinend noch Verbesserungen gemacht hat. Und das Automatisch Animation starten habe ich ausgeschaltet. Manchmal muss man kurz den Schieberegler schieben damit es aktuelle Bilder l\u00e4dt.<strong><br>Neues Radarbild<\/strong> noch eher experimentell und nur noch die grosse Version mit einem Link drin. Kleines Radarbild wie fr\u00fcher. Aber mal schauen was dieses Jahr noch von anderen Leuten kommt, die das direkt mit den Meteoschweiz Daten bauen k\u00f6nnen nachdem diese bald alle frei verf\u00fcgbar sind.<br><br><strong>Was kommt in der grossen Astronomie Seite?<\/strong><br>Echte Astro-Daten als Grundlage f\u00fcr Sonnen Verlauf, Mond Verlauf, Verlaufsgrafiken, Ger\u00e4te Zeitzone unabh\u00e4ngige Zeitangaben und Datenanzeige, Finsternisse. Alles tickt Live nach einmal Laden&#8230;. <br>Hinweise auf keine Mondaufg\u00e4nge oder Mondunterg\u00e4nge an bestimmten Kalendertagen sowie Erdschein Phasen.<br><strong><br>Erweiterungen zum alten Astronomie Teil:<\/strong><br>1. Senkrechte Ausrichtung der Mondphasenbilder. Daf\u00fcr eine symbolische Anzeige der realen Richtung des beleuchteten Teils vom Mond aus der Perspektive des Beobachters.<br><br>2. Live Grafik von Sonne und Mond Live Position und Verlauf Linie \u00fcber oder unter dem Horizont mit D\u00e4mmerungszonen, Tag und Nacht, goldene Stunden am Abend und Morgen sowie h\u00f6chster Stand (Kulmination) und niedrigster Stand (untere Kulm.)<br><br>3. Zeitangaben von Ziviler, Nautischer und Astronomischer D\u00e4mmerung.<br><br>4. Mondtag = Wie lange der Mond von aktuellem Aufgang zu n\u00e4chstem Untergang braucht, unabh\u00e4ngig vom Kalendertag. Mond sichtbar heute = Wie lange der Mond am aktuellen Kalendertag insgesamt zu sehen ist.<br><br>5. Mondvorschau: N\u00e4chste 12 Phasenbilder in ungef\u00e4hren Achteln mit Datum und %, Neumond und Vollmond Markierung.<br><br><strong>Info-Boxen &#8222;Tooltips&#8220; Bedienung (Wird bei Fertigstellung der Astronomie Seite aktualisiert).&nbsp;<\/strong><\/span><\/p><p><span style=\"font-size: 16px; font-family: Arial, Helvetica, sans-serif; color: rgb(0, 0, 0);\"><strong><br>Touchscreen Mobile: <br><\/strong><span style=\"font-size:medium;\">-Mond Phasen Bild antippen. Verschwindet nach 5 Sekunden.<br>-&#8222;Tip-click!&#8220; Bereich beim Mond Phasen Text (wenn sichtbar) antippen.&nbsp;<br>-&#8222;i&#8220; Icon bei der Solar % Heatmap antippen.<br>-Datenzellen bei den Heatmaps Antippen. Verschwinden nach 5 Sekunden.<br>Alle Tooltips verschwinden sofort bei daneben tippen.<strong><br><\/strong><\/span><strong><br>Mauszeiger:<br><\/strong><span style=\"font-size:medium;\">-Mausklick auf &#8222;Tip-Click!&#8220;. Verschwinden bei daneben oder erneut drauf klicken.<br>-Mauszeiger \u00fcber &#8222;i&#8220;, Mondbild und Heatmap Datenzellen ziehen. Verschwinden wenn der Mauszeiger nicht mehr dar\u00fcber ist.<\/span><br><\/span><\/p><p><span style=\"font-size: 16px; font-family: Arial, Helvetica, sans-serif; color: rgb(0, 0, 0);\"><br><strong>Allgemeine Entwicklungen:<\/strong><br><br><strong>Neuerungen getestet mit:&nbsp;<br><\/strong><span style=\"font-size:medium;\">Android Smartphone mit Standard Display Format (Seitenverh\u00e4ltnis, Ansicht senkrecht) Chrome und Brave Browser.<br>Windows PC mit Edge, Brave und Chrome Browser.<\/span><br><br><\/span><font color=\"#000000\" face=\"Arial, Helvetica, sans-serif\" style=\"font-weight: bold;\"><span style=\"font-size: 16px;\">Aktuelle Wetterdaten &#8211; &#8222;Heatmaps&#8220; (Grosses Update 7.2.2025):<\/span><\/font><br style=\"color: rgb(0, 0, 0); font-family: Arial, Helvetica, sans-serif; font-size: 16px;\"><span style=\"color: rgb(0, 0, 0); font-family: Arial, Helvetica, sans-serif; font-size: medium;\">Heatmap-Monatstabelle wo Temperatur Stunden Werte f\u00fcr jeden Tag bestimmten Farben zugeordnet werden.&nbsp; Mit Archiv bis Mai 2025.&nbsp;<\/span><span style=\"font-size: 16px; font-family: Arial, Helvetica, sans-serif; color: rgb(0, 0, 0);\"><br>Solar Strahlung % von Maximalleistung mit Archiv bis September 2025.<br>Solar Strahlung Absolut Werte (Watt pro Quadratmeter) mit Archiv bis Mai 2025.<strong><br><br>Neu bei Heatmaps:<\/strong><br>Maximum oder Minimum und Maximum Markierungen zuschaltbar. Hervorhebung (Highlight) von Zeile oder Spalte je nach ber\u00fchrtem Datenpunkt. Statistik Overlay per Knopfdruck (Button) mit Anzeige wie viele Stunden welchen Messwertebereich hatten.<br><br><strong>Hinweis:<\/strong> Es kann unterschiedliche Stundenwerte geben in den Diagrammen im Vergleich zur Solar Heatmap. Heatmap hat wegen dem \u00dcbertragungsintervall von neu 5 Minuten unter Umst\u00e4nden trotzdem nicht exakt die volle Stunde erfasst. Mit letzte Daten z.B. 9:50 oder 9:55 Uhr f\u00fcr Stunde &#8222;9&#8220; und dann beginnt Stunde &#8222;10&#8220;. Diagramme enthalten immer die ganze Stunde aus der Datenbank.<br><\/span><\/p><p><span style=\"font-family: Arial, Helvetica, sans-serif; color: rgb(0, 0, 0);\"><br><strong style=\"font-size: 16px;\">Weitere Geplante Sachen:<\/strong><font size=\"3\"><br><\/font>Besseres Foto Album.<br>Startseite Layout \u00fcberarbeiten.<br>Wetterdaten Tabellen modernisieren und neu kombinieren ohne die Sonne und Mond Anzeige sowie besserer Smartphone Layouts:<br>Aktuelle Daten, Tageswerte, Monatswerte.<br><br><strong style=\"font-size: 16px;\">Zwischendurch:<br><\/strong><span style=\"font-size: medium;\">Sichtbarkeit auf Smartphones verbessern.<br>Technische oder optische Dinge nachbessern.<br>Ladezeiten, Debug, Kompatibilit\u00e4t usw.<br><strong><br>Hinweis:<\/strong> Viele Browser speichern Website Dateien wenn man die Website immer ge\u00f6ffnet hat. Also am besten ab und zu CTRL + F5 am PC und auf dem Smartphone Einstellungen &#8211; Datenschutz und Sicherheit &#8211; Browserdaten l\u00f6schen &#8211; Cookies und Websitedaten \/ Bilder und Dateien im Cache (oder \u00e4hnlich) benutzen um sicher alles neu zu laden. Aber NUR wenn ihr die Seite oft oder st\u00e4ndig ge\u00f6ffnet habt und nur f\u00fcr Wetterkandersteg.ch<br><\/span><br><span style=\"font-size: 16px;\">Oder die Website auch mal f\u00fcr einige Zeit schliessen und dann mit erneuter Internet-Adresse Eingabe &#8222;von Vorne&#8220; beginnen.<\/span><\/span><\/p>\n\n\n\n\n<p><span style=\"font-family: Arial, Helvetica, sans-serif; color: rgb(0, 0, 0);\"><strong>Links zu externen Websites und QR Codes f\u00fcr Smartphones. Anklicken oder Antippen f\u00fcr Voll Ansicht.<br><\/strong><\/span><\/p>\n\n\n\n\n\n\n\n\n\n\n<p style=\"text-align: left;\"><a href=\"https:\/\/www.wetterkandersteg.ch\/livewetter\/aurora\/weather34-2024-layout.php\" title=\"Live Wetter 10 Sekunden\" target=\"_blank\" style=\"font-size: 16px; font-family: Arial, Helvetica, sans-serif; color: rgb(0, 0, 0);\" rel=\"noopener noreferrer\">Live Wetter 10 Sekunden<\/a><\/p>\n\n\n\n\n\n\n\n\n\n<p style=\"text-align: left;\"><a href=\"https:\/\/www.wetterkandersteg.ch\/livewetter\/aurora\/aurora-lite.html\" title=\"Live Wetter Mobile\" target=\"_blank\" style=\"font-size: 16px; font-family: Arial, Helvetica, sans-serif; color: rgb(0, 0, 0);\" rel=\"noopener noreferrer\">Live Wetter Mobile<\/p>\n\n\n\n\n\n\n\n\n\n\n\n\n\n\n\n\n\n\n\n\n\n\n\n\n\n\n\n\n\n\n\n\n\n\n\n\n\n\n\n\n\n\n\n\n\n\n\n\n\n\n\n\n\n\n\n\n\n\n\n\n\n\n\n\n\n\n\n\n\n\n\n\n\n\n\n\n\n\n\n\n\n\n\n\n\n\n\n\n\n\n\n\n\n\n\n\n\n\n\n\n\n\n\n\n\n\n\n\n\n\n\n\n\n\n\n\n\n\n\n\n\n\n\n\n\n\n\n\n\n\n\n\n\n\n\n\n\n\n\n\n\n\n\n\n\n\n\n\n\n\n\n\n\n\n\n\n\n\n\n\n\n\n\n\n\n\n\n\n\n\n\n\n\n\n\n\n\n\n\n\n\n\n\n\n\n\n\n\n\n\n\n\n\n\n\n\n\n\n\n\n\n\n\n\n\n\n\n\n\n\n\n\n\n\n\n\n\n\n\n\n\n\n\n\n\n\n\n\n\n\n\n\n\n\n\n\n\n\n\n\n\n\n\n\n\n\n\n\n\n\n\n\n\n\n\n\n\n\n\n\n\n\n\n\n\n\n\n\n\n\n\n\n\n\n\n\n\n\n\n\n\n\n\n\n\n\n\n\n\n\n\n\n\n\n\n\n\n\n\n\n\n\n\n\n\n\n\n\n\n\n\n\n\n\n\n\n\n\n\n\n\n\n\n\n\n\n\n\n\n\n\n\n\n\n\n\n\n\n\n\n\n\n\n\n\n\n\n\n\n\n\n\n\n\n\n\n\n\n\n\n\n\n\n\n\n\n\n\n\n\n\n\n\n\n\n\n\n\n\n\n\n\n\n\n\n\n\n\n\n\n\n\n\n\n\n\n\n\n\n\n\n\n\n\n\n\n\n\n\n\n\n\n\n\n\n\n<p style=\"text-align: left;\"><a href=\"https:\/\/www.awekas.at\/de\/map.php\" title=\"AWEKAS Wetterkarten System\" target=\"_blank\" rel=\"noopener noreferrer\" style=\"font-family: Arial, Helvetica, sans-serif; font-size: 16px;\">AWEKAS&nbsp; Wetterkarten<br>System<\/a><\/p>\n\n\n","protected":false},"excerpt":{"rendered":"","protected":false},"author":1,"featured_media":0,"parent":0,"menu_order":0,"comment_status":"closed","ping_status":"closed","template":"","meta":{"pagelayer_contact_templates":[],"_pagelayer_content":"","footnotes":""},"class_list":["post-238","page","type-page","status-publish"],"yoast_head":"<!-- This site is optimized with the Yoast SEO plugin v27.4 - https:\/\/yoast.com\/product\/yoast-seo-wordpress\/ -->\n<title>Startseite - Wetter Kandersteg<\/title>\n<meta name=\"robots\" content=\"index, follow, max-snippet:-1, max-image-preview:large, max-video-preview:-1\" \/>\n<link rel=\"canonical\" href=\"https:\/\/www.wetterkandersteg.ch\/wordpress\/index.php\/startseite\/\" \/>\n<meta property=\"og:locale\" content=\"de_DE\" \/>\n<meta property=\"og:type\" content=\"article\" \/>\n<meta property=\"og:title\" content=\"Startseite - Wetter Kandersteg\" \/>\n<meta property=\"og:url\" content=\"https:\/\/www.wetterkandersteg.ch\/wordpress\/index.php\/startseite\/\" \/>\n<meta property=\"og:site_name\" content=\"Wetter Kandersteg\" \/>\n<meta property=\"article:publisher\" content=\"https:\/\/www.facebook.com\/wetterkandersteg\/\" \/>\n<meta property=\"article:modified_time\" content=\"2026-04-11T11:50:36+00:00\" \/>\n<meta name=\"twitter:card\" content=\"summary_large_image\" \/>\n<meta name=\"twitter:label1\" content=\"Gesch\u00e4tzte Lesezeit\" \/>\n\t<meta name=\"twitter:data1\" content=\"6\u00a0Minuten\" \/>\n<script type=\"application\/ld+json\" class=\"yoast-schema-graph\">{\"@context\":\"https:\\\/\\\/schema.org\",\"@graph\":[{\"@type\":\"WebPage\",\"@id\":\"https:\\\/\\\/www.wetterkandersteg.ch\\\/wordpress\\\/index.php\\\/startseite\\\/\",\"url\":\"https:\\\/\\\/www.wetterkandersteg.ch\\\/wordpress\\\/index.php\\\/startseite\\\/\",\"name\":\"Startseite - Wetter Kandersteg\",\"isPartOf\":{\"@id\":\"https:\\\/\\\/www.wetterkandersteg.ch\\\/wordpress\\\/#website\"},\"datePublished\":\"2019-09-16T13:03:43+00:00\",\"dateModified\":\"2026-04-11T11:50:36+00:00\",\"breadcrumb\":{\"@id\":\"https:\\\/\\\/www.wetterkandersteg.ch\\\/wordpress\\\/index.php\\\/startseite\\\/#breadcrumb\"},\"inLanguage\":\"de\",\"potentialAction\":[{\"@type\":\"ReadAction\",\"target\":[\"https:\\\/\\\/www.wetterkandersteg.ch\\\/wordpress\\\/index.php\\\/startseite\\\/\"]}]},{\"@type\":\"BreadcrumbList\",\"@id\":\"https:\\\/\\\/www.wetterkandersteg.ch\\\/wordpress\\\/index.php\\\/startseite\\\/#breadcrumb\",\"itemListElement\":[{\"@type\":\"ListItem\",\"position\":1,\"name\":\"Home\",\"item\":\"https:\\\/\\\/www.wetterkandersteg.ch\\\/wordpress\\\/\"},{\"@type\":\"ListItem\",\"position\":2,\"name\":\"Startseite\"}]},{\"@type\":\"WebSite\",\"@id\":\"https:\\\/\\\/www.wetterkandersteg.ch\\\/wordpress\\\/#website\",\"url\":\"https:\\\/\\\/www.wetterkandersteg.ch\\\/wordpress\\\/\",\"name\":\"Private Wetterstation Kandersteg\",\"description\":\"\",\"publisher\":{\"@id\":\"https:\\\/\\\/www.wetterkandersteg.ch\\\/wordpress\\\/#organization\"},\"potentialAction\":[{\"@type\":\"SearchAction\",\"target\":{\"@type\":\"EntryPoint\",\"urlTemplate\":\"https:\\\/\\\/www.wetterkandersteg.ch\\\/wordpress\\\/?s={search_term_string}\"},\"query-input\":{\"@type\":\"PropertyValueSpecification\",\"valueRequired\":true,\"valueName\":\"search_term_string\"}}],\"inLanguage\":\"de\"},{\"@type\":\"Organization\",\"@id\":\"https:\\\/\\\/www.wetterkandersteg.ch\\\/wordpress\\\/#organization\",\"name\":\"Wetterstation Kandersteg\",\"url\":\"https:\\\/\\\/www.wetterkandersteg.ch\\\/wordpress\\\/\",\"logo\":{\"@type\":\"ImageObject\",\"inLanguage\":\"de\",\"@id\":\"https:\\\/\\\/www.wetterkandersteg.ch\\\/wordpress\\\/#\\\/schema\\\/logo\\\/image\\\/\",\"url\":\"https:\\\/\\\/www.wetterkandersteg.ch\\\/wordpress\\\/wp-content\\\/uploads\\\/2020\\\/01\\\/cropped-wsk_logo_color-1.png\",\"contentUrl\":\"https:\\\/\\\/www.wetterkandersteg.ch\\\/wordpress\\\/wp-content\\\/uploads\\\/2020\\\/01\\\/cropped-wsk_logo_color-1.png\",\"width\":\"1920\",\"height\":\"359\",\"caption\":\"Wetterstation Kandersteg\"},\"image\":{\"@id\":\"https:\\\/\\\/www.wetterkandersteg.ch\\\/wordpress\\\/#\\\/schema\\\/logo\\\/image\\\/\"},\"sameAs\":[\"https:\\\/\\\/www.facebook.com\\\/wetterkandersteg\\\/\"]}]}<\/script>\n<!-- \/ Yoast SEO plugin. -->","yoast_head_json":{"title":"Startseite - Wetter Kandersteg","robots":{"index":"index","follow":"follow","max-snippet":"max-snippet:-1","max-image-preview":"max-image-preview:large","max-video-preview":"max-video-preview:-1"},"canonical":"https:\/\/www.wetterkandersteg.ch\/wordpress\/index.php\/startseite\/","og_locale":"de_DE","og_type":"article","og_title":"Startseite - Wetter Kandersteg","og_url":"https:\/\/www.wetterkandersteg.ch\/wordpress\/index.php\/startseite\/","og_site_name":"Wetter Kandersteg","article_publisher":"https:\/\/www.facebook.com\/wetterkandersteg\/","article_modified_time":"2026-04-11T11:50:36+00:00","twitter_card":"summary_large_image","twitter_misc":{"Gesch\u00e4tzte Lesezeit":"6\u00a0Minuten"},"schema":{"@context":"https:\/\/schema.org","@graph":[{"@type":"WebPage","@id":"https:\/\/www.wetterkandersteg.ch\/wordpress\/index.php\/startseite\/","url":"https:\/\/www.wetterkandersteg.ch\/wordpress\/index.php\/startseite\/","name":"Startseite - Wetter Kandersteg","isPartOf":{"@id":"https:\/\/www.wetterkandersteg.ch\/wordpress\/#website"},"datePublished":"2019-09-16T13:03:43+00:00","dateModified":"2026-04-11T11:50:36+00:00","breadcrumb":{"@id":"https:\/\/www.wetterkandersteg.ch\/wordpress\/index.php\/startseite\/#breadcrumb"},"inLanguage":"de","potentialAction":[{"@type":"ReadAction","target":["https:\/\/www.wetterkandersteg.ch\/wordpress\/index.php\/startseite\/"]}]},{"@type":"BreadcrumbList","@id":"https:\/\/www.wetterkandersteg.ch\/wordpress\/index.php\/startseite\/#breadcrumb","itemListElement":[{"@type":"ListItem","position":1,"name":"Home","item":"https:\/\/www.wetterkandersteg.ch\/wordpress\/"},{"@type":"ListItem","position":2,"name":"Startseite"}]},{"@type":"WebSite","@id":"https:\/\/www.wetterkandersteg.ch\/wordpress\/#website","url":"https:\/\/www.wetterkandersteg.ch\/wordpress\/","name":"Private Wetterstation Kandersteg","description":"","publisher":{"@id":"https:\/\/www.wetterkandersteg.ch\/wordpress\/#organization"},"potentialAction":[{"@type":"SearchAction","target":{"@type":"EntryPoint","urlTemplate":"https:\/\/www.wetterkandersteg.ch\/wordpress\/?s={search_term_string}"},"query-input":{"@type":"PropertyValueSpecification","valueRequired":true,"valueName":"search_term_string"}}],"inLanguage":"de"},{"@type":"Organization","@id":"https:\/\/www.wetterkandersteg.ch\/wordpress\/#organization","name":"Wetterstation Kandersteg","url":"https:\/\/www.wetterkandersteg.ch\/wordpress\/","logo":{"@type":"ImageObject","inLanguage":"de","@id":"https:\/\/www.wetterkandersteg.ch\/wordpress\/#\/schema\/logo\/image\/","url":"https:\/\/www.wetterkandersteg.ch\/wordpress\/wp-content\/uploads\/2020\/01\/cropped-wsk_logo_color-1.png","contentUrl":"https:\/\/www.wetterkandersteg.ch\/wordpress\/wp-content\/uploads\/2020\/01\/cropped-wsk_logo_color-1.png","width":"1920","height":"359","caption":"Wetterstation Kandersteg"},"image":{"@id":"https:\/\/www.wetterkandersteg.ch\/wordpress\/#\/schema\/logo\/image\/"},"sameAs":["https:\/\/www.facebook.com\/wetterkandersteg\/"]}]}},"jetpack_sharing_enabled":true,"_links":{"self":[{"href":"https:\/\/www.wetterkandersteg.ch\/wordpress\/index.php\/wp-json\/wp\/v2\/pages\/238","targetHints":{"allow":["GET"]}}],"collection":[{"href":"https:\/\/www.wetterkandersteg.ch\/wordpress\/index.php\/wp-json\/wp\/v2\/pages"}],"about":[{"href":"https:\/\/www.wetterkandersteg.ch\/wordpress\/index.php\/wp-json\/wp\/v2\/types\/page"}],"author":[{"embeddable":true,"href":"https:\/\/www.wetterkandersteg.ch\/wordpress\/index.php\/wp-json\/wp\/v2\/users\/1"}],"replies":[{"embeddable":true,"href":"https:\/\/www.wetterkandersteg.ch\/wordpress\/index.php\/wp-json\/wp\/v2\/comments?post=238"}],"version-history":[{"count":1241,"href":"https:\/\/www.wetterkandersteg.ch\/wordpress\/index.php\/wp-json\/wp\/v2\/pages\/238\/revisions"}],"predecessor-version":[{"id":3680,"href":"https:\/\/www.wetterkandersteg.ch\/wordpress\/index.php\/wp-json\/wp\/v2\/pages\/238\/revisions\/3680"}],"wp:attachment":[{"href":"https:\/\/www.wetterkandersteg.ch\/wordpress\/index.php\/wp-json\/wp\/v2\/media?parent=238"}],"curies":[{"name":"wp","href":"https:\/\/api.w.org\/{rel}","templated":true}]}}