{"id":81,"date":"2019-09-12T12:10:52","date_gmt":"2019-09-12T12:10:52","guid":{"rendered":"https:\/\/www.wetterkandersteg.ch\/wordpress\/?page_id=81"},"modified":"2025-11-25T22:52:55","modified_gmt":"2025-11-25T22:52:55","slug":"technik","status":"publish","type":"page","link":"https:\/\/www.wetterkandersteg.ch\/wordpress\/index.php\/technik\/","title":{"rendered":"Technik"},"content":{"rendered":"\n\n\n<p style=\"\"><span style=\"font-family: Arial, Helvetica, sans-serif; font-size: x-large; color: rgb(0, 0, 0);\"><strong style=\"font-size: medium;\">Messtechnik:<\/strong><\/span><\/p>\n<p style=\"\"><span style=\"font-family: Arial, Helvetica, sans-serif; color: rgb(0, 0, 0); font-size: medium;\">Ich besitze die Station&nbsp;<strong>Davis Vantage pro 2,&nbsp;<\/strong>die&nbsp;seit 25.4.2010 vollst\u00e4ndig im Einsatz steht und Ende Februar 2011 nach Kandersteg umgezogen ist. Die Station ist dann auf Anfang November 2014 nochmal von der Edelweissstrasse an die Chappelistrasse umgezogen.<\/span><\/p>\n<span style=\"font-family: Arial, Helvetica, sans-serif; color: rgb(0, 0, 0);\">&nbsp;\n<\/span><p style=\"\"><span style=\"font-size: medium; font-family: Arial, Helvetica, sans-serif; color: rgb(0, 0, 0);\"><strong>Wichtiger Hinweis:<\/strong><\/span><\/p>\n<p style=\"\"><span style=\"font-family: Arial, Helvetica, sans-serif; color: rgb(0, 0, 0); font-size: medium;\">Es handelt sich um eine Hobbym\u00e4ssig betriebene Station und Website. Es besteht keine Gew\u00e4hr f\u00fcr immer korrekte und aktuelle Daten. Technische St\u00f6rungen k\u00f6nnen nicht immer sofort und rund um die Uhr behoben werden. Es werden jeweils so bald wie m\u00f6glich entsprechende Hinweise zum Problem auf die Startseite geschrieben. Die Basisstation kann w\u00e4hrend 8 Tagen alle Wetterdaten speichern. Sollte der Wetter PC ausfallen bleibt also Zeit um Ersatz zu besorgen. Alles in Allem besteht jedoch eine hohe Zuverl\u00e4ssigkeit der automatischen Aufzeichnung.<\/span><\/p><span style=\"font-family: Arial, Helvetica, sans-serif; color: rgb(0, 0, 0);\"><br>\n<\/span><p style=\"\"><span style=\"font-family: Arial, Helvetica, sans-serif; color: rgb(0, 0, 0);\">\n<strong style=\"background-color: transparent;\"><span style=\"font-size:medium;\">Folgende Sensoren sind in Betrieb und ver\u00f6ffentlicht (Wurden bis 2025 alle einmal mit Neuen Sensoren ausgetauscht):<\/span><br><br><\/strong><\/span><\/p>\n<p style=\"\"><span style=\"font-family: Arial, Helvetica, sans-serif; color: rgb(0, 0, 0); font-size: medium;\"><strong><span style=\"font-size:medium;\"><\/span><\/strong><\/span><\/p><span style=\"font-size:medium;\"><p style=\"\"><span style=\"font-family: Arial, Helvetica, sans-serif; color: rgb(0, 0, 0);\"><strong><span style=\"\">Basis (Luftdruck):<\/span>&nbsp;<\/strong>Messung alle 60 Sekunden<\/span><\/p>\n<p style=\"\"><span style=\"font-family: Arial, Helvetica, sans-serif; color: rgb(0, 0, 0);\"><strong><\/strong><\/span><\/p><span style=\"\"><p style=\"\"><span style=\"font-family: Arial, Helvetica, sans-serif; color: rgb(0, 0, 0);\"><strong style=\"\">Thermo-Hygro Sensor:<\/strong>&nbsp;F\u00fcr Temperatur und Luftfeuchte, Messintervall 10 Sekunden<\/span><\/p>\n<p style=\"\"><span style=\"font-family: Arial, Helvetica, sans-serif; color: rgb(0, 0, 0);\"><strong>Windmesser:<\/strong>&nbsp;(Richtung, Windmittel, B\u00f6en) Messintervall 2,5 Sekunden<\/span><\/p>\n<p style=\"\"><span style=\"font-family: Arial, Helvetica, sans-serif; color: rgb(0, 0, 0);\"><strong>Solarsensor:<\/strong>&nbsp;Misst die Strahlungsenergie der Sonne, die auf den Boden trifft. Wird auch f\u00fcr Sonnenscheindauer verwendet. <strong>Hinweis: <\/strong>Zwischen 12 und 13 Uhr kann es durch die Umgebung (Fahnenmast) Abschattungen geben. Morgens einige Zeit im Jahr vom Nachbarhaus.<\/span><\/p><p><span style=\"font-family: Arial, Helvetica, sans-serif; color: rgb(0, 0, 0);\">Am 2. September 2020 wurde die Erfassung des Dach-Sensors wieder gestartet, der das Problem umgeht.<br><\/span><\/p>\n<p style=\"\"><span style=\"font-family: Arial, Helvetica, sans-serif; color: rgb(0, 0, 0);\"><span style=\"\"><strong>UV Sensor:&nbsp;<\/strong><\/span>Gibt die UV Strahlungsdosis in &#8222;UV Index an&#8220;.<\/span><\/p>\n<p style=\"\"><span style=\"font-family: Arial, Helvetica, sans-serif; color: rgb(0, 0, 0);\"><strong>Regenmesser:&nbsp;<\/strong>Messintervall&nbsp;10 Sekunden, Aufl\u00f6sung 0,2mm. F\u00fcr Regenrate\/Intensit\u00e4t und Summen. Neuer Regenmesser ab April 2025.<\/span><\/p><\/span><p style=\"\"><span style=\"font-family: Arial, Helvetica, sans-serif; color: rgb(0, 0, 0);\"><\/span><\/p><span style=\"font-family: Arial, Helvetica, sans-serif; color: rgb(0, 0, 0);\"><\/span><\/span><span style=\"font-family: Arial, Helvetica, sans-serif; color: rgb(0, 0, 0);\"><br><\/span><p><span style=\"font-size: x-large; font-family: Arial, Helvetica, sans-serif; color: rgb(0, 0, 0);\"><strong style=\"font-size: medium;\">Standort \/ Installation der Wetterstation:<\/strong><\/span><\/p><p style=\"\" times=\"\" new=\"\" roman=\"roman\"><span style=\"color: rgb(0, 0, 0);\"><span style=\"font-family: Arial, Helvetica, sans-serif;\"><\/span><\/span><\/p><span style=\"font-size:medium;\"><p style=\"\" times=\"\" new=\"\" roman=\"roman\"><span style=\"color: rgb(0, 0, 0);\"><span style=\"font-family: Arial, Helvetica, sans-serif;\">Seit November 2014 steht die Station an einem neuen Platz im Garten eines Wohngebiets in Kandersteg. Die Besonnung ist aber im Sommerhalbjahr am Morgen nicht optimal wegen dem Nachbarhaus, dessen Schatten auf dem ersten Bild auch erkennbar ist. Das sind je nach Jahreszeit 1-1,5 Stunden nach Sonnenaufgang. Das wird mit der Beobachtung (Webcam) und Solarsensor Vergleich in der Statistik korrigiert.&nbsp;<\/span><span style=\"font-family: Arial, Helvetica, sans-serif; background-color: transparent;\">F\u00fcr die Aufzeichnung wird <\/span><\/span><\/p><span style=\"font-family: Arial;\"><p style=\"\" times=\"\" new=\"\" roman=\"roman\"><span style=\"color: rgb(0, 0, 0);\"><span style=\"background-color: transparent;\">vorzugsweise der Dach-Solarsensor benutzt, der seit 2. September 2020 Morgens wieder eingerichtet wurde.&nbsp;<\/span><\/span><\/p><p style=\"\" times=\"\" new=\"\" roman=\"roman\"><span style=\"color: rgb(0, 0, 0);\"><span style=\"background-color: transparent;\">Vor dem ersten Schnee oder wenn das Nachbarhaus am Morgen keine Beschattung mehr macht wird zum Solarsensor im Garten zur\u00fcckgestellt<\/span><span style=\"background-color: transparent;\">.&nbsp;<\/span><\/span><\/p><p><span style=\"color: rgb(0, 0, 0);\">Sollte es winterlich mit Schnee werden oder gibt es Probleme beim Dachsensor kann man auf den pflegeleichteren Gartensensor wechseln, der dann ohnehin l\u00e4nger vom Berg beschattet wird als vom Haus. Das Solarpanel zur Stromversorgung wird auch dann noch gut von der Sonne erreicht wenn der Rasen im Schatten liegt. Der Regenmesser, der nun zus\u00e4tzlich mit &#8222;Stacheln&#8220; am Rand ausgestattet ist um V\u00f6gel vom Draufsitzen abzuhalten, befindet sich \u00fcber der Einheit f\u00fcr Temperatur und Feuchtemessung. Der dazu n\u00f6tige &#8222;Thermo-Hygro Sensor&#8220; befindet sich in einem 24h bel\u00fcfteten, runden Strahlungsschutzgeh\u00e4use mit weissen Lamellen und einem Innenrohr (Darin ist der Sensor unter dem Saugl\u00fcfter angebracht) in 2m \u00fcber dem Boden am Masten.<\/span><\/p><\/span><\/span><span style=\"font-family: Arial; font-size: medium;\"><p><span style=\"font-size: 16px; color: rgb(0, 0, 0);\"><\/span><\/p><\/span><p><span style=\"font-size: 16px; font-family: Arial, Helvetica, sans-serif; color: rgb(0, 0, 0);\"><\/span><\/p><span style=\"color: rgb(0, 0, 0);\"><span style=\"font-family: Arial, Helvetica, sans-serif; background-color: transparent; font-size: 12px;\"><\/span><span style=\"font-family: Arial, Helvetica, sans-serif;\">&nbsp;<\/span><\/span><p style=\"\" times=\"\" new=\"\" roman=\"roman\"><span style=\"font-family: Arial, Helvetica, sans-serif; color: rgb(0, 0, 0); font-size: medium;\">Im Vergleich zum fr\u00fcheren Standort &#8222;Edelweissstrasse&#8220; kann im Sommer die Sonne praktisch ganztags an den Messplatz scheinen. Sie geht dann in etwa dort beim Berghang auf, der auf dem rechten Bild links im Hintergrund zu sehen ist. An diesem Platz ist nicht mit mehr Abweichung als die etwa 0,5 Grad der Messgenauigkeit des Sensors zu rechnen. Mit Strom versorgt wird die ISS genannte Einrichtung (Regen\/Temperatur\/Feuchte) und der Sender (kleines K\u00e4stchen am Regenmesser vorne) mit Solarstrom und St\u00fctzbatterie. Der L\u00fcfter hat ein extra-Solarpanel (unterhalb vom Sender) und Akkus, die den L\u00fcfter in der Nacht mit reduzierter Kraft am Laufen halten<\/span><\/p><span style=\"color: rgb(0, 0, 0);\"><\/span>\n\n\n\n\n\n\n\n\n\n\n\n\n\n\n\n\n\n\n\n\n\n\n\n\n\n\n\n\n\n\n<p><span style=\"font-family: Arial, Helvetica, sans-serif;\"><strong><\/strong><\/span><\/p><span style=\"font-size:medium;\"><p><span style=\"font-family: Arial, Helvetica, sans-serif;\"><strong>Bild 1:<\/strong> Der Windmesser wurde ohne den Masten mit einer &#8222;Sonderanfertigung&#8220; aus Rohren und der Halterung, die vorher auch schon den Solarsensor dran hatte, vorne an der Dachkante am h\u00f6chsten Punkt des Hauses befestigt. Die Windrichtung wird so nach bisheriger Erfahrung ausreichend stabil gemessen. Das heisst mit wenig bzw. praktisch gar keinen Abweichungen. Ausserdem wurde beim Umzug an die Chappelistrasse ein neuer Windmesser eingesetzt. Seither herrscht in gewissem Sinne kaum mehr Windstille. Der alte Windmesser konnte niedrige Geschwindigkeiten gar nicht mehr erfassen. Ausserdem ist in der Umgebung nichts h\u00f6her. Damit erachte ich den Abstand zum Dach bisher als ausreichend.&nbsp;<\/span><\/p><span style=\"font-family: Arial, Helvetica, sans-serif;\"><br><\/span><p><span style=\"font-family: Arial, Helvetica, sans-serif;\">Der Windmesser ist wie fr\u00fcher auch schon mal an einem eigenen Sender angeschlossen (Das weisse K\u00e4stchen mit der Solarzelle im Bild links). Bei zu wenig Sonnenenergie (und in der Nacht) hilft eine St\u00fctzbatterie und ein spezieller Kondensator die Daten\u00fcbertragung am Laufen zu halten. Der Solarsensor (das kleine schwarze Teil an der Halterung rechts) ist ebenfalls an diesem Sender angeschlossen. An dieser Stelle ist mit absolut keiner k\u00fcnstlichen Beschattung zu rechnen. Das war m\u00f6glich, da es Ger\u00e4te gibt (MeteoStick oder eine Weatherboxx mit Antenne), mit denen von diesem separaten Sender alle Sensoren empfangen werden k\u00f6nnen.<\/span><\/p><span style=\"font-family: Arial, Helvetica, sans-serif;\"><br><\/span><p><span style=\"font-family: Arial, Helvetica, sans-serif;\"><strong>Bild 2, 3 und 4:<\/strong> Einrichtung zur Stromversorgung der Regenmesserheizung. Diese ist n\u00f6tig um auch Schnee in Form von Wasser messen zu k\u00f6nnen. Die Schaltung wird mit einem eigenen ungesch\u00fctzten Temperatursensor gesteuert. Vorteil gegen\u00fcber gesch\u00fctztem Sensor: Bei Sonne l\u00e4uft die Heizung dann ohnehin kaum einmal, was ja auch nicht n\u00f6tig ist. Das Kabel mit 230V Netzspannung wurde im Boden verlegt. Der Schalter zum Ein- und Ausschalten, Transformator und die Steuerung (Temperaturabh\u00e4ngig Ein- Aus) ist in einem Wetterschutzgeh\u00e4use versorgt da das Ger\u00e4t nicht komplett Wetterfest ist. Um sicher zu gehen wurde das Ganze noch mehr abgedichtet und mit Silicagel S\u00e4ckchen gef\u00fcllt um den Innenraum trocken zu halten.<\/span><\/p><\/span><p><span style=\"font-family: Arial, Helvetica, sans-serif;\"><\/span><\/p>\n\n\n\n\n\n\n\n\n\n\n\n\n\n\n\n\n\n\n\n\n\n\n\n\n\n\n\n\n\n\n\n\n\n\n\n\n\n\n\n\n\n\n\n\n\n\n\n<p><span style=\"font-family: Arial, Helvetica, sans-serif;\"><strong style=\"\"><\/strong><\/span><\/p><span style=\"font-size:medium;\"><p><span style=\"font-family: Arial, Helvetica, sans-serif;\"><strong style=\"\">Bild 1:<\/strong> Der Luftdruck wird an der Basisstation (Konsole) ohne separaten Sensor alle 60 Sekunden mit der QFF Methode gemessen. QFF heisst, dass f\u00fcr die Berechnung des Luftdrucks auf Meeresh\u00f6he der Stationsdruck, die Aussentemperatur und die H\u00f6henlage benutzt werden.<\/span><\/p><p><span style=\"font-family: Arial, Helvetica, sans-serif;\">Die Basisstation l\u00e4uft mit dem mitgelieferten Netzteil und ist f\u00fcr den Fall eines Stromunterbruchs auch mit Batterien ausger\u00fcstet.<\/span><\/p><span style=\"font-family: Arial, Helvetica, sans-serif;\"><br><\/span><p><span style=\"font-family: Arial, Helvetica, sans-serif;\"><strong>Bild 2:<\/strong>&nbsp;Die im Mai 2025 gekaufte Weatherboxx Pro 2 (auch bekannt als Meteobridge Pro 2). Wurde zun\u00e4chst nur als definitiver Ersatz f\u00fcr einen Meteostick benutzt. Im Herbst 2025 begann ein umfangreicher Systemwechsel auf der Website. Grafiken und Tabellen komplett mit Meteobridge Pro 2 und allm\u00e4hliches Ende der Benutzung des Cloud Services &#8222;MeteoPlug&#8220;. Die Box kann alle Sensoren von allen Sendeeinheiten auch selber empfangen und ist so unabh\u00e4ngig von der Davis VP 2 Konsole. Ausserdem hat die Weatherboxx Pro 2 einen deutlich gr\u00f6sseren Speicher f\u00fcr Datenbanken.<br>Auch dieses Ger\u00e4t kann den Luftdruck ohne zus\u00e4tzlichen Sensor messen.<\/span><\/p><\/span><p><span style=\"font-family: Arial, Helvetica, sans-serif;\"><\/span><\/p>\n\n\n\n\n\n\n\n\n\n\n\n\n<p><span style=\"font-size: x-large; font-family: Arial, Helvetica, sans-serif;\"><strong style=\"font-size: medium;\">\u00dcbertragungstechnik und Datenspeicherung:<\/strong><\/span><\/p><p><span style=\"font-family: Arial, Helvetica, sans-serif; font-size: medium;\"><strong>Bild 1:<\/strong> Im Mai 2016 wurde ein neues Mini Notebook angeschafft als Ersatz f\u00fcr das vorherige Netbook. Das Mini Notebook diente einige Zeit neben der Wetterdatenspeicherung mit WsWin auch als Wartungszentrale f\u00fcr Unterwegs (Fernwartung) und Fotobearbeitung z.B. bei Ferienaufenthalten um die Fotos dann gleich zu ver\u00f6ffentlichen. Da der Datenspeicher bei 5 Minuten Aufzeichnungsintervall in der Konsole nur 8 Tage reicht musste die Sicherung aufs Mini Notebook auch mindestens in diesem Zeitraum gemacht werden. Das Mini Notebook wurde im Laufe von 2025 nicht mehr benutzt. Eine Notfall Datensicherung erfolgt nun weiterhin mit dem WsWin Export aus Meteobridge Pro 2 auf meinem grossen Notebook. Hier ist es egal wie oft man die Daten am Ende in die WsWin Software einliest. Es wird eine Monats Datei jede Stunde exportiert und das auch f\u00fcr jeden Monat einzeln.<\/span><\/p>\n\n\n\n\n\n\n\n\n\n\n\n\n\n\n\n\n\n\n\n\n<p style=\"color: rgb(255, 255, 255);\"><strong style=\"background-color: transparent; color: rgb(0, 0, 0); font-family: Arial, Helvetica, sans-serif; font-size: medium;\">Technische Daten Mini Notebook:<\/strong><\/p><p style=\"color: rgb(255, 255, 255);\"><span style=\"color: rgb(0, 0, 0); font-family: Arial, Helvetica, sans-serif;\"><\/span><\/p><span style=\"font-size:medium;\"><p style=\"color: rgb(255, 255, 255);\"><span style=\"color: rgb(0, 0, 0); font-family: Arial, Helvetica, sans-serif;\">-HP Pavilion x2<\/span><\/p>\n<p style=\"color: rgb(255, 255, 255);\"><span style=\"color: rgb(0, 0, 0); font-family: Arial, Helvetica, sans-serif;\">-Betriebssystem: Windows 10 HOME<\/span><\/p>\n<p style=\"color: rgb(255, 255, 255);\"><span style=\"color: rgb(0, 0, 0); font-family: Arial, Helvetica, sans-serif;\">-2GB RAM<\/span><\/p>\n<p style=\"color: rgb(255, 255, 255);\"><span style=\"color: rgb(0, 0, 0); font-family: Arial, Helvetica, sans-serif;\">-Intel Atom Z3736 1,33 bis 2.16 GHZ, 4 Kerne<\/span><\/p>\n<p style=\"color: rgb(255, 255, 255);\"><span style=\"color: rgb(0, 0, 0); font-family: Arial, Helvetica, sans-serif;\">&#8211; 32 GB Flash Speicher, 32 GB micro SD Karte<\/span><\/p><\/span><p style=\"color: rgb(255, 255, 255);\"><span style=\"color: rgb(0, 0, 0); font-family: Arial, Helvetica, sans-serif;\"><\/span><\/p><span style=\"font-family: Arial, Helvetica, sans-serif;\">\n&nbsp;\n<\/span><p style=\"color: rgb(255, 255, 255);\"><span style=\"color: #000000;\"><span style=\"font-size: medium; font-family: Arial, Helvetica, sans-serif;\"><strong>Netzwerk:<\/strong><\/span><\/span><\/p>\n<p style=\"color: rgb(255, 255, 255);\"><span style=\"color: rgb(0, 0, 0); font-family: Arial, Helvetica, sans-serif; font-size: medium;\">Webcams und Weatherboxx Pro 2 sind mit festen IP Adressen per Kabel am Router verbunden.<\/span><\/p><span style=\"font-family: Arial, Helvetica, sans-serif;\">\n&nbsp;\n<\/span><p style=\"color: rgb(255, 255, 255);\"><span style=\"color: #000000;\"><span style=\"font-size: medium; font-family: Arial, Helvetica, sans-serif;\"><strong>Webcams:<\/strong><\/span><\/span><\/p>\n<p style=\"color: rgb(255, 255, 255);\"><span style=\"color: rgb(0, 0, 0); font-family: Arial, Helvetica, sans-serif;\"><span style=\"font-size: medium;\"><strong><\/strong><\/span><\/span><\/p><span style=\"font-size:medium;\"><p style=\"color: rgb(255, 255, 255);\"><span style=\"color: rgb(0, 0, 0); font-family: Arial, Helvetica, sans-serif;\"><span style=\"\"><strong style=\"font-size: medium;\">Cam 1 nach S\u00fcden (Himmelsicht):&nbsp;<\/strong><\/span><span style=\"\">Milesight Pro Bullet&nbsp;<\/span>MS-C2962-RFIPB<\/span><\/p>\n<p style=\"color: rgb(255, 255, 255);\"><span style=\"color: rgb(0, 0, 0); font-family: Arial, Helvetica, sans-serif;\">1920&#215;1080 Pixel&nbsp;(2 Megapixel, Full HD), Objektiv 90\u00b0 Winkel seitlich, 31\u00b0 H\u00f6he, Nachtmodus mit Infrarot LEDs (nicht aktiv). 0.002 Lux ohne IR (Sterne sichtbar).<\/span><\/p><\/span><p style=\"color: rgb(255, 255, 255);\"><span style=\"color: rgb(0, 0, 0); font-family: Arial, Helvetica, sans-serif;\"><\/span><\/p><span style=\"font-family: Arial, Helvetica, sans-serif;\">\n&nbsp;\n<\/span><p style=\"color: rgb(255, 255, 255);\"><span style=\"color: rgb(0, 0, 0); font-family: Arial, Helvetica, sans-serif;\"><strong><span style=\"font-size: medium;\">Cam 2 nach Westen (Dorfansicht):<\/span> <\/strong><span style=\"font-size:medium;\">Axis Q1798LE, Canon Objektiv 12-48mm, 4\/3 Zoll Sensor.&nbsp;<\/span><span style=\"font-size:medium;\">3840&#215;2160 (8 Megapixel, 4K) (-Optional 10MP Modus mit mehr Sicht Senkrecht und weniger Waagerecht-), 90\u00b0 Objektiv Winkel seitlich und Bild-Entzerrung (gerade gestreckt), Grosses Objektiv, Sternenhimmel<\/span><\/span><\/p>\n\n\n","protected":false},"excerpt":{"rendered":"","protected":false},"author":1,"featured_media":0,"parent":0,"menu_order":0,"comment_status":"closed","ping_status":"closed","template":"","meta":{"pagelayer_contact_templates":[],"_pagelayer_content":"","footnotes":""},"class_list":["post-81","page","type-page","status-publish"],"yoast_head":"<!-- This site is optimized with the Yoast SEO plugin v27.4 - https:\/\/yoast.com\/product\/yoast-seo-wordpress\/ -->\n<title>Technik - Wetter Kandersteg<\/title>\n<meta name=\"robots\" content=\"index, follow, max-snippet:-1, max-image-preview:large, max-video-preview:-1\" \/>\n<link rel=\"canonical\" href=\"https:\/\/www.wetterkandersteg.ch\/wordpress\/index.php\/technik\/\" \/>\n<meta property=\"og:locale\" content=\"de_DE\" \/>\n<meta property=\"og:type\" content=\"article\" \/>\n<meta property=\"og:title\" content=\"Technik - Wetter Kandersteg\" \/>\n<meta property=\"og:url\" content=\"https:\/\/www.wetterkandersteg.ch\/wordpress\/index.php\/technik\/\" \/>\n<meta property=\"og:site_name\" content=\"Wetter Kandersteg\" \/>\n<meta property=\"article:publisher\" content=\"https:\/\/www.facebook.com\/wetterkandersteg\/\" \/>\n<meta property=\"article:modified_time\" content=\"2025-11-25T22:52:55+00:00\" \/>\n<meta name=\"twitter:card\" content=\"summary_large_image\" \/>\n<meta name=\"twitter:label1\" content=\"Gesch\u00e4tzte Lesezeit\" \/>\n\t<meta name=\"twitter:data1\" content=\"7\u00a0Minuten\" \/>\n<script type=\"application\/ld+json\" class=\"yoast-schema-graph\">{\"@context\":\"https:\\\/\\\/schema.org\",\"@graph\":[{\"@type\":\"WebPage\",\"@id\":\"https:\\\/\\\/www.wetterkandersteg.ch\\\/wordpress\\\/index.php\\\/technik\\\/\",\"url\":\"https:\\\/\\\/www.wetterkandersteg.ch\\\/wordpress\\\/index.php\\\/technik\\\/\",\"name\":\"Technik - Wetter Kandersteg\",\"isPartOf\":{\"@id\":\"https:\\\/\\\/www.wetterkandersteg.ch\\\/wordpress\\\/#website\"},\"datePublished\":\"2019-09-12T12:10:52+00:00\",\"dateModified\":\"2025-11-25T22:52:55+00:00\",\"breadcrumb\":{\"@id\":\"https:\\\/\\\/www.wetterkandersteg.ch\\\/wordpress\\\/index.php\\\/technik\\\/#breadcrumb\"},\"inLanguage\":\"de\",\"potentialAction\":[{\"@type\":\"ReadAction\",\"target\":[\"https:\\\/\\\/www.wetterkandersteg.ch\\\/wordpress\\\/index.php\\\/technik\\\/\"]}]},{\"@type\":\"BreadcrumbList\",\"@id\":\"https:\\\/\\\/www.wetterkandersteg.ch\\\/wordpress\\\/index.php\\\/technik\\\/#breadcrumb\",\"itemListElement\":[{\"@type\":\"ListItem\",\"position\":1,\"name\":\"Home\",\"item\":\"https:\\\/\\\/www.wetterkandersteg.ch\\\/wordpress\\\/\"},{\"@type\":\"ListItem\",\"position\":2,\"name\":\"Technik\"}]},{\"@type\":\"WebSite\",\"@id\":\"https:\\\/\\\/www.wetterkandersteg.ch\\\/wordpress\\\/#website\",\"url\":\"https:\\\/\\\/www.wetterkandersteg.ch\\\/wordpress\\\/\",\"name\":\"Private Wetterstation Kandersteg\",\"description\":\"\",\"publisher\":{\"@id\":\"https:\\\/\\\/www.wetterkandersteg.ch\\\/wordpress\\\/#organization\"},\"potentialAction\":[{\"@type\":\"SearchAction\",\"target\":{\"@type\":\"EntryPoint\",\"urlTemplate\":\"https:\\\/\\\/www.wetterkandersteg.ch\\\/wordpress\\\/?s={search_term_string}\"},\"query-input\":{\"@type\":\"PropertyValueSpecification\",\"valueRequired\":true,\"valueName\":\"search_term_string\"}}],\"inLanguage\":\"de\"},{\"@type\":\"Organization\",\"@id\":\"https:\\\/\\\/www.wetterkandersteg.ch\\\/wordpress\\\/#organization\",\"name\":\"Wetterstation Kandersteg\",\"url\":\"https:\\\/\\\/www.wetterkandersteg.ch\\\/wordpress\\\/\",\"logo\":{\"@type\":\"ImageObject\",\"inLanguage\":\"de\",\"@id\":\"https:\\\/\\\/www.wetterkandersteg.ch\\\/wordpress\\\/#\\\/schema\\\/logo\\\/image\\\/\",\"url\":\"https:\\\/\\\/www.wetterkandersteg.ch\\\/wordpress\\\/wp-content\\\/uploads\\\/2020\\\/01\\\/cropped-wsk_logo_color-1.png\",\"contentUrl\":\"https:\\\/\\\/www.wetterkandersteg.ch\\\/wordpress\\\/wp-content\\\/uploads\\\/2020\\\/01\\\/cropped-wsk_logo_color-1.png\",\"width\":\"1920\",\"height\":\"359\",\"caption\":\"Wetterstation Kandersteg\"},\"image\":{\"@id\":\"https:\\\/\\\/www.wetterkandersteg.ch\\\/wordpress\\\/#\\\/schema\\\/logo\\\/image\\\/\"},\"sameAs\":[\"https:\\\/\\\/www.facebook.com\\\/wetterkandersteg\\\/\"]}]}<\/script>\n<!-- \/ Yoast SEO plugin. -->","yoast_head_json":{"title":"Technik - Wetter Kandersteg","robots":{"index":"index","follow":"follow","max-snippet":"max-snippet:-1","max-image-preview":"max-image-preview:large","max-video-preview":"max-video-preview:-1"},"canonical":"https:\/\/www.wetterkandersteg.ch\/wordpress\/index.php\/technik\/","og_locale":"de_DE","og_type":"article","og_title":"Technik - Wetter Kandersteg","og_url":"https:\/\/www.wetterkandersteg.ch\/wordpress\/index.php\/technik\/","og_site_name":"Wetter Kandersteg","article_publisher":"https:\/\/www.facebook.com\/wetterkandersteg\/","article_modified_time":"2025-11-25T22:52:55+00:00","twitter_card":"summary_large_image","twitter_misc":{"Gesch\u00e4tzte Lesezeit":"7\u00a0Minuten"},"schema":{"@context":"https:\/\/schema.org","@graph":[{"@type":"WebPage","@id":"https:\/\/www.wetterkandersteg.ch\/wordpress\/index.php\/technik\/","url":"https:\/\/www.wetterkandersteg.ch\/wordpress\/index.php\/technik\/","name":"Technik - Wetter Kandersteg","isPartOf":{"@id":"https:\/\/www.wetterkandersteg.ch\/wordpress\/#website"},"datePublished":"2019-09-12T12:10:52+00:00","dateModified":"2025-11-25T22:52:55+00:00","breadcrumb":{"@id":"https:\/\/www.wetterkandersteg.ch\/wordpress\/index.php\/technik\/#breadcrumb"},"inLanguage":"de","potentialAction":[{"@type":"ReadAction","target":["https:\/\/www.wetterkandersteg.ch\/wordpress\/index.php\/technik\/"]}]},{"@type":"BreadcrumbList","@id":"https:\/\/www.wetterkandersteg.ch\/wordpress\/index.php\/technik\/#breadcrumb","itemListElement":[{"@type":"ListItem","position":1,"name":"Home","item":"https:\/\/www.wetterkandersteg.ch\/wordpress\/"},{"@type":"ListItem","position":2,"name":"Technik"}]},{"@type":"WebSite","@id":"https:\/\/www.wetterkandersteg.ch\/wordpress\/#website","url":"https:\/\/www.wetterkandersteg.ch\/wordpress\/","name":"Private Wetterstation Kandersteg","description":"","publisher":{"@id":"https:\/\/www.wetterkandersteg.ch\/wordpress\/#organization"},"potentialAction":[{"@type":"SearchAction","target":{"@type":"EntryPoint","urlTemplate":"https:\/\/www.wetterkandersteg.ch\/wordpress\/?s={search_term_string}"},"query-input":{"@type":"PropertyValueSpecification","valueRequired":true,"valueName":"search_term_string"}}],"inLanguage":"de"},{"@type":"Organization","@id":"https:\/\/www.wetterkandersteg.ch\/wordpress\/#organization","name":"Wetterstation Kandersteg","url":"https:\/\/www.wetterkandersteg.ch\/wordpress\/","logo":{"@type":"ImageObject","inLanguage":"de","@id":"https:\/\/www.wetterkandersteg.ch\/wordpress\/#\/schema\/logo\/image\/","url":"https:\/\/www.wetterkandersteg.ch\/wordpress\/wp-content\/uploads\/2020\/01\/cropped-wsk_logo_color-1.png","contentUrl":"https:\/\/www.wetterkandersteg.ch\/wordpress\/wp-content\/uploads\/2020\/01\/cropped-wsk_logo_color-1.png","width":"1920","height":"359","caption":"Wetterstation Kandersteg"},"image":{"@id":"https:\/\/www.wetterkandersteg.ch\/wordpress\/#\/schema\/logo\/image\/"},"sameAs":["https:\/\/www.facebook.com\/wetterkandersteg\/"]}]}},"jetpack_sharing_enabled":true,"_links":{"self":[{"href":"https:\/\/www.wetterkandersteg.ch\/wordpress\/index.php\/wp-json\/wp\/v2\/pages\/81","targetHints":{"allow":["GET"]}}],"collection":[{"href":"https:\/\/www.wetterkandersteg.ch\/wordpress\/index.php\/wp-json\/wp\/v2\/pages"}],"about":[{"href":"https:\/\/www.wetterkandersteg.ch\/wordpress\/index.php\/wp-json\/wp\/v2\/types\/page"}],"author":[{"embeddable":true,"href":"https:\/\/www.wetterkandersteg.ch\/wordpress\/index.php\/wp-json\/wp\/v2\/users\/1"}],"replies":[{"embeddable":true,"href":"https:\/\/www.wetterkandersteg.ch\/wordpress\/index.php\/wp-json\/wp\/v2\/comments?post=81"}],"version-history":[{"count":84,"href":"https:\/\/www.wetterkandersteg.ch\/wordpress\/index.php\/wp-json\/wp\/v2\/pages\/81\/revisions"}],"predecessor-version":[{"id":3310,"href":"https:\/\/www.wetterkandersteg.ch\/wordpress\/index.php\/wp-json\/wp\/v2\/pages\/81\/revisions\/3310"}],"wp:attachment":[{"href":"https:\/\/www.wetterkandersteg.ch\/wordpress\/index.php\/wp-json\/wp\/v2\/media?parent=81"}],"curies":[{"name":"wp","href":"https:\/\/api.w.org\/{rel}","templated":true}]}}