{"id":89,"date":"2019-09-12T12:23:43","date_gmt":"2019-09-12T12:23:43","guid":{"rendered":"https:\/\/www.wetterkandersteg.ch\/wordpress\/?page_id=89"},"modified":"2025-11-24T11:51:05","modified_gmt":"2025-11-24T11:51:05","slug":"geografie","status":"publish","type":"page","link":"https:\/\/www.wetterkandersteg.ch\/wordpress\/index.php\/geografie\/","title":{"rendered":"Geografie"},"content":{"rendered":"\n\n\n<p><span style=\"background-color: transparent;\"><span style=\"font-size: x-large; font-family: Arial, Helvetica, sans-serif; color: rgb(0, 0, 0);\"><strong style=\"font-size: large;\">Lage von Kandersteg im Kanton Bern:<\/strong><\/span><br><\/span><\/p><p><span style=\"background-color: transparent; font-family: Arial, Helvetica, sans-serif; color: rgb(0, 0, 0); font-size: medium;\">Kandersteg befindet sich s\u00fcdwestlich vom Thunersee ganz hinten im Kandertal in der N\u00e4he des n\u00f6rdlichen Alpenkamms, der die Grenze zum Wallis bildet. Im Osten erhebt sich das beeindruckende und das Panorama stark dominierende Bl\u00fcemlisalpmassiv mit bis \u00fcber 3600m hohen Gipfeln.<\/span><\/p>\n\n\n\n\n\n\n\n\n\n\n\n\n\n\n\n\n\n\n\n\n\n\n\n\n<p><strong style=\"color: rgb(0, 0, 0); font-family: Arial, Helvetica, sans-serif; font-size: normal; line-height: 0;\">Lagebeschrieb Station und spezielle Verh\u00e4ltnisse:<\/strong><\/p><p><span style=\"font-family: Arial, Helvetica, sans-serif; color: rgb(0, 0, 0);\"><\/span><\/p><span style=\"font-size: medium;\"><p><span style=\"font-family: Arial, Helvetica, sans-serif; color: rgb(0, 0, 0);\">Die Wetterstation befindet sich im s\u00fcdlichen, mittleren Teil von Kandersteg. Hier dauert der Winter was Schnee betrifft etwas l\u00e4nger als im vorderen Bereich. Auch wegen der relativ langen Abschattung am Morgen. Anfangs M\u00e4rz geht die Sonne am Stationsstandort um 10:30-10:40 Uhr auf. W\u00e4hrend Talausw\u00e4rts in den n\u00f6rdlichen Ortsteilen bald einmal schon fast um 9 Uhr die Sonne \u00fcber die Berge steigt und nach ganzen 7 bis 7,5 Stunden erst wieder verschwindet. Das ist also fast so viel wie in Adelboden und Frutigen um diese Jahreszeit. An meinem Standort werden es 6 Stunden.<\/span><\/p><span style=\"font-family: Arial, Helvetica, sans-serif; color: rgb(0, 0, 0);\"><br><\/span><p><span style=\"font-family: Arial, Helvetica, sans-serif; color: rgb(0, 0, 0);\">Das Tal ab dem Ortseingang ist \u00fcber weite Teile Flach. Im hinteren Teil mit einer im Osten und Westen sehr steil aufragender Felswand. Kaum verl\u00e4sst man das Tal aber nach Norden hin kommt ein grosses Gef\u00e4lle. Die Wetterstation steht gen\u00fcgend weit von diesem weg, dass sich ein Kaltluftsee bilden kann. Die N\u00e4chte sind entsprechend kalt. Allerdings nicht so extrem wie in Lenk wo die Kaltluft nicht unter gewissen Bedingungen auch mal wegfliessen kann. Tags\u00fcber sind die Temperaturen entsprechend der H\u00f6he merklich k\u00fchler als im unteren Kandertal, wird aber nach Sonnenaufgang zumindest ab M\u00e4rz sehr schnell w\u00e4rmer, so dass die Mittagstemperatur schon auf dem Tagesh\u00f6chstwert liegen kann. Bei gewissen Wetterlagen mit warmer Luft in h\u00f6heren Lagen und Kaltluft in tiefen Lagen kann es in Kandersteg durchaus auch im Winterhalbjahr w\u00e4rmer werden als in Frutigen und Reichenbach und das selbst dann wenn dort unten auch die Sonne scheint. Da wirkt dann mehr der Wind und Wolken in der Nacht und auch am Morgen w\u00e4rmend. Und manchmal ist es erstaunlich wie viel das sein kann.<\/span><\/p><span style=\"font-family: Arial, Helvetica, sans-serif; color: rgb(0, 0, 0);\"><br><\/span><p><span style=\"font-family: Arial, Helvetica, sans-serif; color: rgb(0, 0, 0);\">Im Laufe des Fr\u00fchlings ist die Sonne auch am Abend deutlich l\u00e4nger zu sehen. Aber am Morgen \u00e4ndert sich mit Abstand am meisten. An meinem Standort kann den ganzen Sommer schon ab 7:20 Uhr die Sonne aufgehen. Weiter vorne im Tal wo es im Winterhalbjahr mehr Sonne gibt geht die Sonne dagegen bis zum l\u00e4ngsten Tag eher immer sp\u00e4ter auf! Auch am Abend ist dort fr\u00fcher wieder schattig. Das reduziert sogar die Tages-Sonnenscheindauer. An meiner Station bleibt sie etwa den Sommer hindurch gleich bei 11,5 Stunden, was recht viel ist f\u00fcr ein Bergtal. Dabei verschiebt sich der Sonnenuntergang ab Anfang Mai kaum mehr da die Sonne dann Abends quasi jeden Tag etwas weiter einen Berghang im Westen hochklettert und dann wieder runter bis nach Mitte August der Sonnenuntergang sp\u00fcrbar fr\u00fcher stattfindet. Dazwischen aber wird es immerhin st\u00e4ndig gegen 19 Uhr Sommerzeit. Ab etwa dem 20. August geht die Sonne wieder hinter der Bl\u00fcemlisalp auf. Damit verk\u00fcrzt sich die Sonnenscheindauer schneller als von &#8222;Natur&#8220; aus durch den Sonnenstand. Nach Mitte September gehts rasch, nach einer Zeit wo die Sonne 2 mal untergeht. Hinter dem Alpschelenhubel im Westen, dann nochmal kommt und dann ganz hinter dem Chlyne Lohner verschwindet.<\/span><\/p><p><span style=\"font-family: Arial, Helvetica, sans-serif; color: rgb(0, 0, 0);\">Nachdem die Sonne in der ersten Septemberh\u00e4lfte am Morgen nochmal eine L\u00fccke s\u00fcdlich des Bl\u00fcemlisalpmassivs findet, schleicht sie nach dem 20. noch gerade so am Hang entlang Richtung Doldenhorn. Bis dahin kommt sie eigentlich noch relativ fr\u00fch hoch.<\/span><\/p><span style=\"font-family: Arial, Helvetica, sans-serif; color: rgb(0, 0, 0);\"><br><\/span><p><span style=\"font-family: Arial, Helvetica, sans-serif; color: rgb(0, 0, 0);\">Etwa von Ende November bis Januar kommt am Nachmittag noch das G\u00e4llihorn im S\u00fcden dazwischen. Die Sonne ist dann nach etwas mehr als zun\u00e4chst 3, ein paar Wochen auch nach 2-2,5 Stunden wieder weg. Nicht viel weiter n\u00f6rdlich kommt es gar nicht so weit und es gibt immer \u00fcber 3 Stunden Sonne. Alles Nachmittags. Eine kleine Ecke mit einigen H\u00e4usern kommt allerdings knapp vor dem Mittag noch dran. Das Ganze ist so speziell aufgeteilt, dass man mit einem gut geplanten Spaziergang eigentlich noch im Dezember \u00fcber 4 Stunden Sonne haben kann.<\/span><\/p><span style=\"font-family: Arial, Helvetica, sans-serif; color: rgb(0, 0, 0);\"><br><\/span><p><span style=\"font-family: Arial, Helvetica, sans-serif; color: rgb(0, 0, 0);\">Das das schattig macht gilt aber nur bei klarem oder wenig bew\u00f6lktem Himmel. Ist es leicht bis m\u00e4ssig bew\u00f6lkt streuen oder reflektieren die Wolken unter Umst\u00e4nden eine Menge Licht. Das beeinflusst sogar deutlich den Temperaturverlauf. Im Sommer ist der Effekt wegen dem fr\u00fchen Sonnenaufgang aber vernachl\u00e4ssigbar. Vielmehr ist es dann am Abend l\u00e4nger warm wenn die Wolken leuchten bzw. isolieren. Dieser &#8222;Spezialeffekt&#8220; scheint nach meinen Beobachtungen in Kandersteg besonders ausgepr\u00e4gt zu sein. Wahrscheinlich liegt das an der Ausrichtung des Tals gegen S\u00fcdwesten. Und dort findet die Sonne im Winter erst noch eine L\u00fccke zwischen den Bergen wo sie dann besonders lange Bew\u00f6lkung oder d\u00fcnnen Hochnebel von oben beleuchten kann. Zudem zieht die Sonne nicht sehr tief hinter dem G\u00e4llihorn durch w\u00e4hrend der k\u00fcrzesten Tage.<\/span><\/p><span style=\"font-family: Arial, Helvetica, sans-serif; color: rgb(0, 0, 0);\"><br><\/span><p><span style=\"font-family: Arial, Helvetica, sans-serif; color: rgb(0, 0, 0);\">So wie der Winter hier oben l\u00e4nger dauert, f\u00e4ngt auch das Sommerwetter sp\u00e4ter an. Die Feuchte Luft, die Gewitter verursacht, kommt erst mit der vollen Entwicklung der Vegetation bis Kandersteg. Also um einiges sp\u00e4ter als Richtung Alpenrand, unteres Kandertal und auch im Mittelland. Sogar mitten \u00fcber dem Hochgebirge wenn der Schnee dann zum gr\u00f6ssten Teil weg ist. Schnee behindert n\u00e4mlich auch die Gewitterbildung. Die Temperaturen sind sehr gem\u00e4ssigt. Wie ihr in den Rekorden sehen k\u00f6nnt auch bei Extremwerten. Das ist nicht selbstverst\u00e4ndlich. Zwar liegt Kandersteg auf fast 1200m, aber andere Talkessel wie Lenk im Simmental werden tags\u00fcber deutlich w\u00e4rmer. Auch deutlich \u00fcber 30\u00b0C gabs da schon oft. Der Ort liegt nur 100m tiefer. Das alleine erkl\u00e4rt den Temperaturunterschied also nicht. Wahrscheinlich liegt das daran, dass wir hier sozusagen auf einer Art Hochebene zwischen den Bergen liegen (die wie schon erw\u00e4hnt nach der Orts Ein\/Ausfahrt steil abf\u00e4llt). Also \u201efrische\u201c Luft aus freier Atmosph\u00e4re bekommen und nicht aufgeheizte Talluft von unten. So bleibts am Tag angenehm k\u00fchl\/warm wie auf einem Berg und die Sommern\u00e4chte k\u00fchlen weniger heftig ab wie f\u00fcr ein Tal \u00fcblich.<\/span><\/p><\/span><p><span style=\"font-family: Arial, Helvetica, sans-serif; color: rgb(0, 0, 0);\"><\/span><\/p><span style=\"font-family: Arial, Helvetica, sans-serif;\"><br><\/span><p><strong style=\"font-family: Arial, Helvetica, sans-serif; color: rgb(0, 0, 0);\"><\/strong><\/p><span style=\"font-size:normal;\"><p><strong style=\"font-family: Arial, Helvetica, sans-serif; color: rgb(0, 0, 0);\">Bild 1: Doldenhorn (h\u00f6chster Gipfel ist der mit dem grossen Schneefeld) (3638m)<\/strong><\/p><p><strong style=\"font-family: Arial, Helvetica, sans-serif; color: rgb(0, 0, 0);\">Bild 2 Bl\u00fcemlisalp: Wildi Frau (3260m), Weisse Frau (3608m) (der spitzige links), Bl\u00fcemlisalphorn (3657m) und Oeschinenhorn (3486m)<\/strong><\/p><\/span><p><strong style=\"font-family: Arial, Helvetica, sans-serif; color: rgb(0, 0, 0);\"><\/strong><\/p>\n\n\n\n\n\n\n\n\n\n\n\n\n\n\n\n\n\n\n\n\n\n\n<p><strong style=\"font-family: Arial, Helvetica, sans-serif; color: rgb(0, 0, 0);\">Bild 1: Felsw\u00e4nde unterhalb vom Biberg nicht weit von der Station entfernt.<\/strong><\/p><p><strong style=\"font-family: Arial, Helvetica, sans-serif; color: rgb(0, 0, 0);\">Bild 2: Auch ein markanter Berg der Umgebung, Bire (2502m)<\/strong><\/p>\n\n\n\n\n\n\n\n\n\n\n\n\n\n\n\n\n\n\n\n\n\n\n<p style=\"\"><font color=\"#000000\" style=\"\"><font style=\"\"><font size=\"3\" style=\"\"><strong style=\"background-color: rgb(255, 255, 255); font-family: Arial, Helvetica, sans-serif;\"><\/strong><\/font><\/font><\/font><\/p><span style=\"font-size:normal;\"><p style=\"\"><font color=\"#000000\" style=\"\"><font style=\"\"><font size=\"3\" style=\"\"><strong style=\"background-color: rgb(255, 255, 255); font-family: Arial, Helvetica, sans-serif;\">Bilder unten: G\u00e4llihorn (2284m) am s\u00fcdlichen Ende des Tals bei Kandersteg<\/strong><\/font><\/font><\/font><\/p><p style=\"\"><font color=\"#000000\"><font size=\"3\"><strong style=\"background-color: rgb(255, 255, 255); font-family: Arial, Helvetica, sans-serif;\">Doppelter Sonnenuntergang bzw. nochmal Aufgang am 25.11.2014 als Beispiel f\u00fcr den &#8222;Spalt&#8220; zwischen den Bergen<\/strong><\/font><\/font><\/p><\/span><p style=\"\"><font color=\"#000000\"><font size=\"3\"><strong style=\"background-color: rgb(255, 255, 255); font-family: Arial, Helvetica, sans-serif;\"><\/strong><\/font><\/font><\/p><p style=\"\"><font color=\"#000000\" style=\"\"><font style=\"background-color: rgb(255, 255, 255); font-family: Arial, Helvetica, sans-serif; font-size: medium;\">Zuvor ist die Sonne erstmals knapp nach dem &#8222;Horn&#8220; verschwunden.<\/font><\/font><\/p>\n\n\n\n\n\n\n\n\n\n\n\n\n\n\n\n\n\n\n\n\n\n\n<p><strong style=\"font-family: Arial, Helvetica, sans-serif; color: rgb(0, 0, 0);\">Lagekoordinaten: 46\u00b0 29&#8242; 40\u201c Nord und 7\u00b0 40&#8242; 36\u201c Ost, 1179m<\/strong><\/p>\n\n\n","protected":false},"excerpt":{"rendered":"","protected":false},"author":1,"featured_media":0,"parent":0,"menu_order":0,"comment_status":"closed","ping_status":"closed","template":"","meta":{"pagelayer_contact_templates":[],"_pagelayer_content":"","footnotes":""},"class_list":["post-89","page","type-page","status-publish"],"yoast_head":"<!-- This site is optimized with the Yoast SEO plugin v27.4 - https:\/\/yoast.com\/product\/yoast-seo-wordpress\/ -->\n<title>Geografie - Wetter Kandersteg<\/title>\n<meta name=\"robots\" content=\"index, follow, max-snippet:-1, max-image-preview:large, max-video-preview:-1\" \/>\n<link rel=\"canonical\" href=\"https:\/\/www.wetterkandersteg.ch\/wordpress\/index.php\/geografie\/\" \/>\n<meta property=\"og:locale\" content=\"de_DE\" \/>\n<meta property=\"og:type\" content=\"article\" \/>\n<meta property=\"og:title\" content=\"Geografie - Wetter Kandersteg\" \/>\n<meta property=\"og:url\" content=\"https:\/\/www.wetterkandersteg.ch\/wordpress\/index.php\/geografie\/\" \/>\n<meta property=\"og:site_name\" content=\"Wetter Kandersteg\" \/>\n<meta property=\"article:publisher\" content=\"https:\/\/www.facebook.com\/wetterkandersteg\/\" \/>\n<meta property=\"article:modified_time\" content=\"2025-11-24T11:51:05+00:00\" \/>\n<meta name=\"twitter:card\" content=\"summary_large_image\" \/>\n<meta name=\"twitter:label1\" content=\"Gesch\u00e4tzte Lesezeit\" \/>\n\t<meta name=\"twitter:data1\" content=\"6\u00a0Minuten\" \/>\n<script type=\"application\/ld+json\" class=\"yoast-schema-graph\">{\"@context\":\"https:\\\/\\\/schema.org\",\"@graph\":[{\"@type\":\"WebPage\",\"@id\":\"https:\\\/\\\/www.wetterkandersteg.ch\\\/wordpress\\\/index.php\\\/geografie\\\/\",\"url\":\"https:\\\/\\\/www.wetterkandersteg.ch\\\/wordpress\\\/index.php\\\/geografie\\\/\",\"name\":\"Geografie - Wetter Kandersteg\",\"isPartOf\":{\"@id\":\"https:\\\/\\\/www.wetterkandersteg.ch\\\/wordpress\\\/#website\"},\"datePublished\":\"2019-09-12T12:23:43+00:00\",\"dateModified\":\"2025-11-24T11:51:05+00:00\",\"breadcrumb\":{\"@id\":\"https:\\\/\\\/www.wetterkandersteg.ch\\\/wordpress\\\/index.php\\\/geografie\\\/#breadcrumb\"},\"inLanguage\":\"de\",\"potentialAction\":[{\"@type\":\"ReadAction\",\"target\":[\"https:\\\/\\\/www.wetterkandersteg.ch\\\/wordpress\\\/index.php\\\/geografie\\\/\"]}]},{\"@type\":\"BreadcrumbList\",\"@id\":\"https:\\\/\\\/www.wetterkandersteg.ch\\\/wordpress\\\/index.php\\\/geografie\\\/#breadcrumb\",\"itemListElement\":[{\"@type\":\"ListItem\",\"position\":1,\"name\":\"Home\",\"item\":\"https:\\\/\\\/www.wetterkandersteg.ch\\\/wordpress\\\/\"},{\"@type\":\"ListItem\",\"position\":2,\"name\":\"Geografie\"}]},{\"@type\":\"WebSite\",\"@id\":\"https:\\\/\\\/www.wetterkandersteg.ch\\\/wordpress\\\/#website\",\"url\":\"https:\\\/\\\/www.wetterkandersteg.ch\\\/wordpress\\\/\",\"name\":\"Private Wetterstation Kandersteg\",\"description\":\"\",\"publisher\":{\"@id\":\"https:\\\/\\\/www.wetterkandersteg.ch\\\/wordpress\\\/#organization\"},\"potentialAction\":[{\"@type\":\"SearchAction\",\"target\":{\"@type\":\"EntryPoint\",\"urlTemplate\":\"https:\\\/\\\/www.wetterkandersteg.ch\\\/wordpress\\\/?s={search_term_string}\"},\"query-input\":{\"@type\":\"PropertyValueSpecification\",\"valueRequired\":true,\"valueName\":\"search_term_string\"}}],\"inLanguage\":\"de\"},{\"@type\":\"Organization\",\"@id\":\"https:\\\/\\\/www.wetterkandersteg.ch\\\/wordpress\\\/#organization\",\"name\":\"Wetterstation Kandersteg\",\"url\":\"https:\\\/\\\/www.wetterkandersteg.ch\\\/wordpress\\\/\",\"logo\":{\"@type\":\"ImageObject\",\"inLanguage\":\"de\",\"@id\":\"https:\\\/\\\/www.wetterkandersteg.ch\\\/wordpress\\\/#\\\/schema\\\/logo\\\/image\\\/\",\"url\":\"https:\\\/\\\/www.wetterkandersteg.ch\\\/wordpress\\\/wp-content\\\/uploads\\\/2020\\\/01\\\/cropped-wsk_logo_color-1.png\",\"contentUrl\":\"https:\\\/\\\/www.wetterkandersteg.ch\\\/wordpress\\\/wp-content\\\/uploads\\\/2020\\\/01\\\/cropped-wsk_logo_color-1.png\",\"width\":\"1920\",\"height\":\"359\",\"caption\":\"Wetterstation Kandersteg\"},\"image\":{\"@id\":\"https:\\\/\\\/www.wetterkandersteg.ch\\\/wordpress\\\/#\\\/schema\\\/logo\\\/image\\\/\"},\"sameAs\":[\"https:\\\/\\\/www.facebook.com\\\/wetterkandersteg\\\/\"]}]}<\/script>\n<!-- \/ Yoast SEO plugin. -->","yoast_head_json":{"title":"Geografie - Wetter Kandersteg","robots":{"index":"index","follow":"follow","max-snippet":"max-snippet:-1","max-image-preview":"max-image-preview:large","max-video-preview":"max-video-preview:-1"},"canonical":"https:\/\/www.wetterkandersteg.ch\/wordpress\/index.php\/geografie\/","og_locale":"de_DE","og_type":"article","og_title":"Geografie - Wetter Kandersteg","og_url":"https:\/\/www.wetterkandersteg.ch\/wordpress\/index.php\/geografie\/","og_site_name":"Wetter Kandersteg","article_publisher":"https:\/\/www.facebook.com\/wetterkandersteg\/","article_modified_time":"2025-11-24T11:51:05+00:00","twitter_card":"summary_large_image","twitter_misc":{"Gesch\u00e4tzte Lesezeit":"6\u00a0Minuten"},"schema":{"@context":"https:\/\/schema.org","@graph":[{"@type":"WebPage","@id":"https:\/\/www.wetterkandersteg.ch\/wordpress\/index.php\/geografie\/","url":"https:\/\/www.wetterkandersteg.ch\/wordpress\/index.php\/geografie\/","name":"Geografie - Wetter Kandersteg","isPartOf":{"@id":"https:\/\/www.wetterkandersteg.ch\/wordpress\/#website"},"datePublished":"2019-09-12T12:23:43+00:00","dateModified":"2025-11-24T11:51:05+00:00","breadcrumb":{"@id":"https:\/\/www.wetterkandersteg.ch\/wordpress\/index.php\/geografie\/#breadcrumb"},"inLanguage":"de","potentialAction":[{"@type":"ReadAction","target":["https:\/\/www.wetterkandersteg.ch\/wordpress\/index.php\/geografie\/"]}]},{"@type":"BreadcrumbList","@id":"https:\/\/www.wetterkandersteg.ch\/wordpress\/index.php\/geografie\/#breadcrumb","itemListElement":[{"@type":"ListItem","position":1,"name":"Home","item":"https:\/\/www.wetterkandersteg.ch\/wordpress\/"},{"@type":"ListItem","position":2,"name":"Geografie"}]},{"@type":"WebSite","@id":"https:\/\/www.wetterkandersteg.ch\/wordpress\/#website","url":"https:\/\/www.wetterkandersteg.ch\/wordpress\/","name":"Private Wetterstation Kandersteg","description":"","publisher":{"@id":"https:\/\/www.wetterkandersteg.ch\/wordpress\/#organization"},"potentialAction":[{"@type":"SearchAction","target":{"@type":"EntryPoint","urlTemplate":"https:\/\/www.wetterkandersteg.ch\/wordpress\/?s={search_term_string}"},"query-input":{"@type":"PropertyValueSpecification","valueRequired":true,"valueName":"search_term_string"}}],"inLanguage":"de"},{"@type":"Organization","@id":"https:\/\/www.wetterkandersteg.ch\/wordpress\/#organization","name":"Wetterstation Kandersteg","url":"https:\/\/www.wetterkandersteg.ch\/wordpress\/","logo":{"@type":"ImageObject","inLanguage":"de","@id":"https:\/\/www.wetterkandersteg.ch\/wordpress\/#\/schema\/logo\/image\/","url":"https:\/\/www.wetterkandersteg.ch\/wordpress\/wp-content\/uploads\/2020\/01\/cropped-wsk_logo_color-1.png","contentUrl":"https:\/\/www.wetterkandersteg.ch\/wordpress\/wp-content\/uploads\/2020\/01\/cropped-wsk_logo_color-1.png","width":"1920","height":"359","caption":"Wetterstation Kandersteg"},"image":{"@id":"https:\/\/www.wetterkandersteg.ch\/wordpress\/#\/schema\/logo\/image\/"},"sameAs":["https:\/\/www.facebook.com\/wetterkandersteg\/"]}]}},"jetpack_sharing_enabled":true,"_links":{"self":[{"href":"https:\/\/www.wetterkandersteg.ch\/wordpress\/index.php\/wp-json\/wp\/v2\/pages\/89","targetHints":{"allow":["GET"]}}],"collection":[{"href":"https:\/\/www.wetterkandersteg.ch\/wordpress\/index.php\/wp-json\/wp\/v2\/pages"}],"about":[{"href":"https:\/\/www.wetterkandersteg.ch\/wordpress\/index.php\/wp-json\/wp\/v2\/types\/page"}],"author":[{"embeddable":true,"href":"https:\/\/www.wetterkandersteg.ch\/wordpress\/index.php\/wp-json\/wp\/v2\/users\/1"}],"replies":[{"embeddable":true,"href":"https:\/\/www.wetterkandersteg.ch\/wordpress\/index.php\/wp-json\/wp\/v2\/comments?post=89"}],"version-history":[{"count":41,"href":"https:\/\/www.wetterkandersteg.ch\/wordpress\/index.php\/wp-json\/wp\/v2\/pages\/89\/revisions"}],"predecessor-version":[{"id":3214,"href":"https:\/\/www.wetterkandersteg.ch\/wordpress\/index.php\/wp-json\/wp\/v2\/pages\/89\/revisions\/3214"}],"wp:attachment":[{"href":"https:\/\/www.wetterkandersteg.ch\/wordpress\/index.php\/wp-json\/wp\/v2\/media?parent=89"}],"curies":[{"name":"wp","href":"https:\/\/api.w.org\/{rel}","templated":true}]}}