{"id":97,"date":"2019-09-12T12:32:44","date_gmt":"2019-09-12T12:32:44","guid":{"rendered":"https:\/\/www.wetterkandersteg.ch\/wordpress\/?page_id=97"},"modified":"2025-11-24T12:57:11","modified_gmt":"2025-11-24T12:57:11","slug":"impressum","status":"publish","type":"page","link":"https:\/\/www.wetterkandersteg.ch\/wordpress\/index.php\/impressum\/","title":{"rendered":"Impressum"},"content":{"rendered":"\n\n\n<p style=\"margin: 0px 0px 10px; line-height: 1.6em !important;\"><strong style=\"\"><span style=\"color: rgb(0, 0, 0);\"><span style=\"font-family: Arial, Helvetica, sans-serif;\"><span style=\"font-size:large;\"><\/span><\/span><\/span><\/strong><span style=\"font-size:medium;\"><strong style=\"\"><span style=\"color: rgb(0, 0, 0);\"><span style=\"font-family: Arial, Helvetica, sans-serif;\"><span style=\"\">Kontakt-Adresse<\/span><br><\/span><\/span><\/strong><span style=\"\"><span style=\"color: rgb(0, 0, 0);\">Stefan Oberli<br><\/span><span style=\"color: rgb(0, 0, 0);\">Chappelistrasse 32<br><\/span><span style=\"color: rgb(0, 0, 0);\">3718 Kandersteg<br><\/span><span style=\"color: rgb(0, 0, 0);\">Schweiz<br><\/span><span style=\"color: rgb(0, 0, 0);\">E-Mail:&nbsp;stefanoberli-at-yahoo.de<br><br><\/span><\/span><\/span><span style=\"font-size:medium;\"><span style=\"color: rgb(0, 0, 0);\"><\/span><\/span><span style=\"font-size: 16px; color: rgb(0, 0, 0);\"><\/span><\/p><p style=\"margin: 0px 0px 10px; line-height: 1.6em !important;\"><\/p><h4 style=\"margin: 0px 0px 10px; line-height: 1.6em !important;\"><span style=\"font-family: Arial, Helvetica, sans-serif;\"><span style=\"font-size: 16px; color: rgb(0, 0, 0);\"><\/span><\/span><\/h4><span style=\"font-size: 16px; color: rgb(0, 0, 0); font-family: Arial, Helvetica, sans-serif;\"><\/span><span style=\"font-family: Arial, Helvetica, sans-serif;\"><span style=\"background-color: transparent;\"><\/span><\/span><p style=\"margin: 0px 0px 10px; line-height: 1.6em !important;\"><strong style=\"color: rgb(0, 0, 0); font-family: Arial, Helvetica, sans-serif; font-size: large;\"><\/strong><\/p><span style=\"font-size:medium;\"><p style=\"margin: 0px 0px 10px; line-height: 1.6em !important;\"><strong style=\"color: rgb(0, 0, 0); font-family: Arial, Helvetica, sans-serif;\">Haftungsausschluss<\/strong><\/p><p style=\"margin: 0px 0px 10px; line-height: 1.6em !important;\"><span style=\"color: rgb(0, 0, 0); font-family: Arial, Helvetica, sans-serif;\"><\/span><\/p><span style=\"\"><p style=\"margin: 0px 0px 10px; line-height: 1.6em !important;\"><span style=\"color: rgb(0, 0, 0); font-family: Arial, Helvetica, sans-serif;\">Der Autor \u00fcbernimmt keinerlei Gew\u00e4hr hinsichtlich der inhaltlichen Richtigkeit, Genauigkeit, Aktualit\u00e4t, Zuverl\u00e4ssigkeit und Vollst\u00e4ndigkeit der Informationen.<\/span><\/p><p style=\"margin: 0px 0px 10px; line-height: 1.6em !important;\"><span style=\"color: rgb(0, 0, 0); font-family: Arial, Helvetica, sans-serif;\">Haftungsanspr\u00fcche gegen den Autor wegen Sch\u00e4den materieller oder immaterieller Art, welche aus dem Zugriff oder der Nutzung bzw. Nichtnutzung der ver\u00f6ffentlichten Informationen, durch Missbrauch der Verbindung oder durch technische St\u00f6rungen entstanden sind, werden ausgeschlossen.<\/span><\/p><p style=\"margin: 0px 0px 10px; line-height: 1.6em !important;\"><span style=\"color: rgb(0, 0, 0); font-family: Arial, Helvetica, sans-serif;\">Alle Angebote sind unverbindlich. Der Autor beh\u00e4lt es sich ausdr\u00fccklich vor, Teile der Seiten oder das gesamte Angebot ohne besondere Ank\u00fcndigung zu ver\u00e4ndern, zu erg\u00e4nzen, zu l\u00f6schen oder die Ver\u00f6ffentlichung zeitweise oder endg\u00fcltig einzustellen.<\/span><\/p><\/span><p style=\"margin: 0px 0px 10px; line-height: 1.6em !important;\"><span style=\"color: rgb(0, 0, 0); font-family: Arial, Helvetica, sans-serif;\"><\/span><\/p><span style=\"color: rgb(0, 0, 0); font-family: Arial, Helvetica, sans-serif;\"><\/span><\/span><span style=\"color: rgb(0, 0, 0); font-family: Arial, Helvetica, sans-serif;\"><br><\/span><p style=\"margin: 0px 0px 10px; line-height: 1.6em !important;\"><strong style=\"color: rgb(0, 0, 0); font-family: Arial, Helvetica, sans-serif; font-size: large;\"><\/strong><\/p><span style=\"font-size:medium;\"><p style=\"margin: 0px 0px 10px; line-height: 1.6em !important;\"><strong style=\"color: rgb(0, 0, 0); font-family: Arial, Helvetica, sans-serif;\">Haftungsausschluss f\u00fcr Links<\/strong><\/p><p style=\"margin: 0px 0px 10px; line-height: 1.6em !important;\"><span style=\"color: rgb(0, 0, 0); font-family: Arial, Helvetica, sans-serif;\">Verweise und Links auf Webseiten Dritter liegen ausserhalb unseres Verantwortungsbereichs. Es wird jegliche Verantwortung f\u00fcr solche Webseiten abgelehnt. Der Zugriff und die Nutzung solcher Webseiten erfolgen auf eigene Gefahr des jeweiligen Nutzers.<\/span><\/p><span style=\"color: rgb(0, 0, 0); font-family: Arial, Helvetica, sans-serif;\"><br><\/span><p style=\"margin: 0px 0px 10px; line-height: 1.6em !important;\"><strong style=\"color: rgb(0, 0, 0); font-family: Arial, Helvetica, sans-serif;\">Urheberrechte<\/strong><\/p><p style=\"margin: 0px 0px 10px; line-height: 1.6em !important;\"><span style=\"color: rgb(0, 0, 0); font-family: Arial, Helvetica, sans-serif;\"><\/span><\/p><span style=\"\"><p style=\"margin: 0px 0px 10px; line-height: 1.6em !important;\"><span style=\"color: rgb(0, 0, 0); font-family: Arial, Helvetica, sans-serif;\">Die Urheber- und alle anderen Rechte an Inhalten, Bildern, Fotos oder anderen Dateien auf dieser Website, geh\u00f6ren ausschliesslich Stefan Oberli oder den speziell genannten Rechteinhabern. F\u00fcr die Reproduktion jeglicher Elemente ist die schriftliche Zustimmung des Urheberrechtstr\u00e4gers im Voraus einzuholen.<\/span><\/p><span style=\"color: rgb(0, 0, 0); font-family: Arial, Helvetica, sans-serif;\"><\/span><\/span><span style=\"color: rgb(0, 0, 0); font-family: Arial, Helvetica, sans-serif;\"><br><\/span><p style=\"margin: 0px 0px 10px; line-height: 1.6em !important;\"><strong style=\"color: rgb(0, 0, 0); font-family: Arial, Helvetica, sans-serif;\">Datenschutz<\/strong><\/p><p style=\"margin: 0px 0px 10px; line-height: 1.6em !important;\"><span style=\"color: rgb(0, 0, 0); font-family: Arial, Helvetica, sans-serif;\"><\/span><\/p><span style=\"\"><p style=\"margin: 0px 0px 10px; line-height: 1.6em !important;\"><span style=\"color: rgb(0, 0, 0); font-family: Arial, Helvetica, sans-serif;\">Gest\u00fctzt auf Artikel 13 der schweizerischen Bundesverfassung und die datenschutzrechtlichen Bestimmungen des Bundes (Datenschutzgesetz, DSG) hat jede Person Anspruch auf Schutz ihrer Privatsph\u00e4re sowie auf Schutz vor Missbrauch ihrer pers\u00f6nlichen Daten. Wir halten diese Bestimmungen ein. Pers\u00f6nliche Daten werden streng vertraulich behandelt und weder an Dritte verkauft noch weiter gegeben.<\/span><\/p><p style=\"margin: 0px 0px 10px; line-height: 1.6em !important;\"><span style=\"color: rgb(0, 0, 0); font-family: Arial, Helvetica, sans-serif;\">In enger Zusammenarbeit mit unseren Hosting-Providern bem\u00fchen wir uns, die Datenbanken so gut wie m\u00f6glich vor fremden Zugriffen, Verlusten, Missbrauch oder vor F\u00e4lschung zu sch\u00fctzen.<\/span><\/p><p style=\"margin: 0px 0px 10px; line-height: 1.6em !important;\"><span style=\"color: rgb(0, 0, 0); font-family: Arial, Helvetica, sans-serif;\">Beim Zugriff auf unsere Webseiten werden folgende Daten in Logfiles gespeichert: IP-Adresse, Datum, Uhrzeit, Browser-Anfrage und allg. \u00fcbertragene Informationen zum Betriebssystem resp. Browser. Diese Nutzungsdaten bilden die Basis f\u00fcr statistische, anonyme Auswertungen, so dass Trends erkennbar sind, anhand derer wir unsere Angebote entsprechend verbessern k\u00f6nnen.<\/span><\/p><\/span><p style=\"margin: 0px 0px 10px; line-height: 1.6em !important;\"><span style=\"color: rgb(0, 0, 0); font-family: Arial, Helvetica, sans-serif;\"><br><strong style=\"\">Webcam Aufnahmen<\/strong><span style=\"\">Es wurde \u00fcberpr\u00fcft wie gut Personen auf den Bildern erkennbar sind. Die Bereiche bei den H\u00e4usern Links wurden abgedeckt bei der neuen Webcam ab 8.3.2023 wegen der deutlich h\u00f6heren Bildaufl\u00f6sung. Die West Webcam macht Aufnahmen bis auf die Zufahrtsstrasse. Die Aufl\u00f6sung des Bildes reicht aber weiterhin nicht aus um Personen zu identifizieren.&nbsp;<\/span><\/span><\/p><\/span><p style=\"margin: 0px 0px 10px; line-height: 1.6em !important;\"><span style=\"color: rgb(0, 0, 0); font-family: Arial, Helvetica, sans-serif;\"><span style=\"font-size:medium;\"><\/span><\/span><\/p>\n\n\n","protected":false},"excerpt":{"rendered":"","protected":false},"author":1,"featured_media":0,"parent":0,"menu_order":0,"comment_status":"closed","ping_status":"closed","template":"","meta":{"pagelayer_contact_templates":[],"_pagelayer_content":"","footnotes":""},"class_list":["post-97","page","type-page","status-publish"],"yoast_head":"<!-- This site is optimized with the Yoast SEO plugin v27.4 - https:\/\/yoast.com\/product\/yoast-seo-wordpress\/ -->\n<title>Impressum - Wetter Kandersteg<\/title>\n<meta name=\"robots\" content=\"index, follow, max-snippet:-1, max-image-preview:large, max-video-preview:-1\" \/>\n<link rel=\"canonical\" href=\"https:\/\/www.wetterkandersteg.ch\/wordpress\/index.php\/impressum\/\" \/>\n<meta property=\"og:locale\" content=\"de_DE\" \/>\n<meta property=\"og:type\" content=\"article\" \/>\n<meta property=\"og:title\" content=\"Impressum - Wetter Kandersteg\" \/>\n<meta property=\"og:url\" content=\"https:\/\/www.wetterkandersteg.ch\/wordpress\/index.php\/impressum\/\" \/>\n<meta property=\"og:site_name\" content=\"Wetter Kandersteg\" \/>\n<meta property=\"article:publisher\" content=\"https:\/\/www.facebook.com\/wetterkandersteg\/\" \/>\n<meta property=\"article:modified_time\" content=\"2025-11-24T12:57:11+00:00\" \/>\n<meta name=\"twitter:card\" content=\"summary_large_image\" \/>\n<meta name=\"twitter:label1\" content=\"Gesch\u00e4tzte Lesezeit\" \/>\n\t<meta name=\"twitter:data1\" content=\"2\u00a0Minuten\" \/>\n<script type=\"application\/ld+json\" class=\"yoast-schema-graph\">{\"@context\":\"https:\\\/\\\/schema.org\",\"@graph\":[{\"@type\":\"WebPage\",\"@id\":\"https:\\\/\\\/www.wetterkandersteg.ch\\\/wordpress\\\/index.php\\\/impressum\\\/\",\"url\":\"https:\\\/\\\/www.wetterkandersteg.ch\\\/wordpress\\\/index.php\\\/impressum\\\/\",\"name\":\"Impressum - Wetter Kandersteg\",\"isPartOf\":{\"@id\":\"https:\\\/\\\/www.wetterkandersteg.ch\\\/wordpress\\\/#website\"},\"datePublished\":\"2019-09-12T12:32:44+00:00\",\"dateModified\":\"2025-11-24T12:57:11+00:00\",\"breadcrumb\":{\"@id\":\"https:\\\/\\\/www.wetterkandersteg.ch\\\/wordpress\\\/index.php\\\/impressum\\\/#breadcrumb\"},\"inLanguage\":\"de\",\"potentialAction\":[{\"@type\":\"ReadAction\",\"target\":[\"https:\\\/\\\/www.wetterkandersteg.ch\\\/wordpress\\\/index.php\\\/impressum\\\/\"]}]},{\"@type\":\"BreadcrumbList\",\"@id\":\"https:\\\/\\\/www.wetterkandersteg.ch\\\/wordpress\\\/index.php\\\/impressum\\\/#breadcrumb\",\"itemListElement\":[{\"@type\":\"ListItem\",\"position\":1,\"name\":\"Home\",\"item\":\"https:\\\/\\\/www.wetterkandersteg.ch\\\/wordpress\\\/\"},{\"@type\":\"ListItem\",\"position\":2,\"name\":\"Impressum\"}]},{\"@type\":\"WebSite\",\"@id\":\"https:\\\/\\\/www.wetterkandersteg.ch\\\/wordpress\\\/#website\",\"url\":\"https:\\\/\\\/www.wetterkandersteg.ch\\\/wordpress\\\/\",\"name\":\"Private Wetterstation Kandersteg\",\"description\":\"\",\"publisher\":{\"@id\":\"https:\\\/\\\/www.wetterkandersteg.ch\\\/wordpress\\\/#organization\"},\"potentialAction\":[{\"@type\":\"SearchAction\",\"target\":{\"@type\":\"EntryPoint\",\"urlTemplate\":\"https:\\\/\\\/www.wetterkandersteg.ch\\\/wordpress\\\/?s={search_term_string}\"},\"query-input\":{\"@type\":\"PropertyValueSpecification\",\"valueRequired\":true,\"valueName\":\"search_term_string\"}}],\"inLanguage\":\"de\"},{\"@type\":\"Organization\",\"@id\":\"https:\\\/\\\/www.wetterkandersteg.ch\\\/wordpress\\\/#organization\",\"name\":\"Wetterstation Kandersteg\",\"url\":\"https:\\\/\\\/www.wetterkandersteg.ch\\\/wordpress\\\/\",\"logo\":{\"@type\":\"ImageObject\",\"inLanguage\":\"de\",\"@id\":\"https:\\\/\\\/www.wetterkandersteg.ch\\\/wordpress\\\/#\\\/schema\\\/logo\\\/image\\\/\",\"url\":\"https:\\\/\\\/www.wetterkandersteg.ch\\\/wordpress\\\/wp-content\\\/uploads\\\/2020\\\/01\\\/cropped-wsk_logo_color-1.png\",\"contentUrl\":\"https:\\\/\\\/www.wetterkandersteg.ch\\\/wordpress\\\/wp-content\\\/uploads\\\/2020\\\/01\\\/cropped-wsk_logo_color-1.png\",\"width\":\"1920\",\"height\":\"359\",\"caption\":\"Wetterstation Kandersteg\"},\"image\":{\"@id\":\"https:\\\/\\\/www.wetterkandersteg.ch\\\/wordpress\\\/#\\\/schema\\\/logo\\\/image\\\/\"},\"sameAs\":[\"https:\\\/\\\/www.facebook.com\\\/wetterkandersteg\\\/\"]}]}<\/script>\n<!-- \/ Yoast SEO plugin. -->","yoast_head_json":{"title":"Impressum - Wetter Kandersteg","robots":{"index":"index","follow":"follow","max-snippet":"max-snippet:-1","max-image-preview":"max-image-preview:large","max-video-preview":"max-video-preview:-1"},"canonical":"https:\/\/www.wetterkandersteg.ch\/wordpress\/index.php\/impressum\/","og_locale":"de_DE","og_type":"article","og_title":"Impressum - Wetter Kandersteg","og_url":"https:\/\/www.wetterkandersteg.ch\/wordpress\/index.php\/impressum\/","og_site_name":"Wetter Kandersteg","article_publisher":"https:\/\/www.facebook.com\/wetterkandersteg\/","article_modified_time":"2025-11-24T12:57:11+00:00","twitter_card":"summary_large_image","twitter_misc":{"Gesch\u00e4tzte Lesezeit":"2\u00a0Minuten"},"schema":{"@context":"https:\/\/schema.org","@graph":[{"@type":"WebPage","@id":"https:\/\/www.wetterkandersteg.ch\/wordpress\/index.php\/impressum\/","url":"https:\/\/www.wetterkandersteg.ch\/wordpress\/index.php\/impressum\/","name":"Impressum - Wetter Kandersteg","isPartOf":{"@id":"https:\/\/www.wetterkandersteg.ch\/wordpress\/#website"},"datePublished":"2019-09-12T12:32:44+00:00","dateModified":"2025-11-24T12:57:11+00:00","breadcrumb":{"@id":"https:\/\/www.wetterkandersteg.ch\/wordpress\/index.php\/impressum\/#breadcrumb"},"inLanguage":"de","potentialAction":[{"@type":"ReadAction","target":["https:\/\/www.wetterkandersteg.ch\/wordpress\/index.php\/impressum\/"]}]},{"@type":"BreadcrumbList","@id":"https:\/\/www.wetterkandersteg.ch\/wordpress\/index.php\/impressum\/#breadcrumb","itemListElement":[{"@type":"ListItem","position":1,"name":"Home","item":"https:\/\/www.wetterkandersteg.ch\/wordpress\/"},{"@type":"ListItem","position":2,"name":"Impressum"}]},{"@type":"WebSite","@id":"https:\/\/www.wetterkandersteg.ch\/wordpress\/#website","url":"https:\/\/www.wetterkandersteg.ch\/wordpress\/","name":"Private Wetterstation Kandersteg","description":"","publisher":{"@id":"https:\/\/www.wetterkandersteg.ch\/wordpress\/#organization"},"potentialAction":[{"@type":"SearchAction","target":{"@type":"EntryPoint","urlTemplate":"https:\/\/www.wetterkandersteg.ch\/wordpress\/?s={search_term_string}"},"query-input":{"@type":"PropertyValueSpecification","valueRequired":true,"valueName":"search_term_string"}}],"inLanguage":"de"},{"@type":"Organization","@id":"https:\/\/www.wetterkandersteg.ch\/wordpress\/#organization","name":"Wetterstation Kandersteg","url":"https:\/\/www.wetterkandersteg.ch\/wordpress\/","logo":{"@type":"ImageObject","inLanguage":"de","@id":"https:\/\/www.wetterkandersteg.ch\/wordpress\/#\/schema\/logo\/image\/","url":"https:\/\/www.wetterkandersteg.ch\/wordpress\/wp-content\/uploads\/2020\/01\/cropped-wsk_logo_color-1.png","contentUrl":"https:\/\/www.wetterkandersteg.ch\/wordpress\/wp-content\/uploads\/2020\/01\/cropped-wsk_logo_color-1.png","width":"1920","height":"359","caption":"Wetterstation Kandersteg"},"image":{"@id":"https:\/\/www.wetterkandersteg.ch\/wordpress\/#\/schema\/logo\/image\/"},"sameAs":["https:\/\/www.facebook.com\/wetterkandersteg\/"]}]}},"jetpack_sharing_enabled":true,"_links":{"self":[{"href":"https:\/\/www.wetterkandersteg.ch\/wordpress\/index.php\/wp-json\/wp\/v2\/pages\/97","targetHints":{"allow":["GET"]}}],"collection":[{"href":"https:\/\/www.wetterkandersteg.ch\/wordpress\/index.php\/wp-json\/wp\/v2\/pages"}],"about":[{"href":"https:\/\/www.wetterkandersteg.ch\/wordpress\/index.php\/wp-json\/wp\/v2\/types\/page"}],"author":[{"embeddable":true,"href":"https:\/\/www.wetterkandersteg.ch\/wordpress\/index.php\/wp-json\/wp\/v2\/users\/1"}],"replies":[{"embeddable":true,"href":"https:\/\/www.wetterkandersteg.ch\/wordpress\/index.php\/wp-json\/wp\/v2\/comments?post=97"}],"version-history":[{"count":22,"href":"https:\/\/www.wetterkandersteg.ch\/wordpress\/index.php\/wp-json\/wp\/v2\/pages\/97\/revisions"}],"predecessor-version":[{"id":3223,"href":"https:\/\/www.wetterkandersteg.ch\/wordpress\/index.php\/wp-json\/wp\/v2\/pages\/97\/revisions\/3223"}],"wp:attachment":[{"href":"https:\/\/www.wetterkandersteg.ch\/wordpress\/index.php\/wp-json\/wp\/v2\/media?parent=97"}],"curies":[{"name":"wp","href":"https:\/\/api.w.org\/{rel}","templated":true}]}}